{"id":2332,"date":"2021-03-13T17:12:21","date_gmt":"2021-03-13T16:12:21","guid":{"rendered":"https:\/\/www.zrinski.hr\/?page_id=2332"},"modified":"2023-03-24T10:44:18","modified_gmt":"2023-03-24T09:44:18","slug":"integralni_uvez","status":"publish","type":"page","link":"https:\/\/www.zrinski.hr\/en\/integralni_uvez\/","title":{"rendered":"3 &#8211; Integralni uvez"},"content":{"rendered":"<section class=\"wpb-content-wrapper\"><div id=\"cws_content_69e34bb5ca98a\" class=\"cws_content_69e34bb5ca98a cws-content background_no_hover\" ><div data-vc-full-width=\"true\" data-vc-full-width-init=\"false\" class=\"vc_row wpb_row vc_row-fluid vc_custom_1670940285816 vc_row-has-fill\"><div class=\"row_hover_effect\"><\/div><div id='cws_column_69e34bb5caf34' class='cws_column_wrapper vc_col-sm-12'><div class=\"wpb_column vc_column_container vc_col-sm-12\"><div class=\"vc_column-inner\"><div class=\"wpb_wrapper\"><div class='cws_textmodule_69e34bb5cb3e2 cws_textmodule'><h3 class='cws_textmodule_title'><span class='cws_textmodule_title_text title_color_gradient'>FLEXIBOUND BOOK PRINTING<\/span><\/h3><\/div><\/div><\/div><\/div><\/div><\/div><div class=\"vc_row-full-width vc_clearfix\"><\/div><\/div><div id=\"cws_content_69e34bb5cb699\" class=\"cws_content_69e34bb5cb699 cws-content background_no_hover\" ><div class=\"vc_row wpb_row vc_row-fluid vc_custom_1613844822078\"><div class=\"row_hover_effect\"><\/div><div id='cws_column_69e34bb5cb94a' class='cws_column_wrapper vc_col-sm-12'><div class=\"wpb_column vc_column_container vc_col-sm-12\"><div class=\"vc_column-inner\"><div class=\"wpb_wrapper\"><div class=\"vc_empty_space\"   style=\"height: 32px\"><span class=\"vc_empty_space_inner\"><\/span><\/div><div class='cws_textmodule_69e34bb5cbd56 cws_textmodule'><div class='cws_textmodule_content'><p style=\"text-align: center;\">Flexibound books falls between soft and hard binding. The book interior in flexibound books is stitched and basically undergoes the same production processes as hard binding, only that the cover is soft. Similar as in hard binding, wire-o binding also allows us to fit an H&amp;T band (an ornamental string, found at the top and bottom of the back side in hard binding) and can also have endpapers. Flexibound books are practical in cases, when you wish to print a book, which is flexible, but slightly more robust\/durable than the softbound book. Customers usually choose wire-o binding for printing tourist\/travel guides and printed matter, which is used in the field, or when they want their printed matter to stand out.<\/p>\n\n<\/div><\/div><div class=\"vc_empty_space\"   style=\"height: 32px\"><span class=\"vc_empty_space_inner\"><\/span><\/div><div class='cws_gallery_69e34bb5cc17a cws_gallery_wrapper'><div class='cws_gallery_images columns_3 masonry magnific'><a href=\"https:\/\/www.zrinski.hr\/wp-content\/uploads\/2021\/04\/DSC_6982-scaled.jpg\" class='cws_gallery_image'><img src='https:\/\/www.zrinski.hr\/wp-content\/uploads\/2021\/04\/DSC_6982-scaled.jpg' alt='' \/><div class='cws_gallery_overlay'><span class='icon_wrapper'><\/span><\/div><\/a><a href=\"https:\/\/www.zrinski.hr\/wp-content\/uploads\/2021\/04\/DSC_6985-scaled.jpg\" class='cws_gallery_image'><img src='https:\/\/www.zrinski.hr\/wp-content\/uploads\/2021\/04\/DSC_6985-scaled.jpg' alt='' \/><div class='cws_gallery_overlay'><span class='icon_wrapper'><\/span><\/div><\/a><a href=\"https:\/\/www.zrinski.hr\/wp-content\/uploads\/2021\/04\/DSC_7010-scaled.jpg\" class='cws_gallery_image'><img src='https:\/\/www.zrinski.hr\/wp-content\/uploads\/2021\/04\/DSC_7010-scaled.jpg' alt='' \/><div class='cws_gallery_overlay'><span class='icon_wrapper'><\/span><\/div><\/a><\/div><\/div><div id='cws_divider_69e34bb5cccdd' class='cws_divider_wrapper style_gradient'><div class='cws_divider'><\/div><\/div><\/div><\/div><\/div><\/div><\/div><\/div>\n<\/section>","protected":false},"excerpt":{"rendered":"INTEGRALNI UVEZIntegralni uvez se svrstava i pod meki i pod tvrdi uvez knjiga. Knji\u017eni blok se \u0161iva i generalno se sastoji od svih istih faza proizvodnje kao i tvrdi uvez, osim \u0161to integralni uvez ima meke korice. Sli\u010dno kao i kod tvrdog uveza i kod integralnog uveza mo\u017eemo koristiti kapitalnu traku ( ukrasna traka koju [...]","protected":false},"author":1,"featured_media":0,"parent":0,"menu_order":0,"comment_status":"closed","ping_status":"closed","template":"","meta":{"footnotes":""},"class_list":["post-2332","page","type-page","status-publish","hentry"],"_links":{"self":[{"href":"https:\/\/www.zrinski.hr\/en\/wp-json\/wp\/v2\/pages\/2332","targetHints":{"allow":["GET"]}}],"collection":[{"href":"https:\/\/www.zrinski.hr\/en\/wp-json\/wp\/v2\/pages"}],"about":[{"href":"https:\/\/www.zrinski.hr\/en\/wp-json\/wp\/v2\/types\/page"}],"author":[{"embeddable":true,"href":"https:\/\/www.zrinski.hr\/en\/wp-json\/wp\/v2\/users\/1"}],"replies":[{"embeddable":true,"href":"https:\/\/www.zrinski.hr\/en\/wp-json\/wp\/v2\/comments?post=2332"}],"version-history":[{"count":9,"href":"https:\/\/www.zrinski.hr\/en\/wp-json\/wp\/v2\/pages\/2332\/revisions"}],"predecessor-version":[{"id":3065,"href":"https:\/\/www.zrinski.hr\/en\/wp-json\/wp\/v2\/pages\/2332\/revisions\/3065"}],"wp:attachment":[{"href":"https:\/\/www.zrinski.hr\/en\/wp-json\/wp\/v2\/media?parent=2332"}],"curies":[{"name":"wp","href":"https:\/\/api.w.org\/{rel}","templated":true}]}}