{"id":2148,"date":"2021-02-20T21:14:07","date_gmt":"2021-02-20T21:14:07","guid":{"rendered":"https:\/\/www.zrinski.hr\/?page_id=2148"},"modified":"2022-12-13T15:37:31","modified_gmt":"2022-12-13T14:37:31","slug":"klamanje_zica","status":"publish","type":"page","link":"https:\/\/www.zrinski.hr\/en\/klamanje_zica\/","title":{"rendered":"5 &#8211; Klamanje sa \u017eicom"},"content":{"rendered":"<section class=\"wpb-content-wrapper\"><div id=\"cws_content_69e0f9e353da5\" class=\"cws_content_69e0f9e353da5 cws-content background_no_hover\" ><div data-vc-full-width=\"true\" data-vc-full-width-init=\"false\" class=\"vc_row wpb_row vc_row-fluid vc_custom_1670940285816 vc_row-has-fill\"><div class=\"row_hover_effect\"><\/div><div id='cws_column_69e0f9e354303' class='cws_column_wrapper vc_col-sm-12'><div class=\"wpb_column vc_column_container vc_col-sm-12\"><div class=\"vc_column-inner\"><div class=\"wpb_wrapper\"><div class='cws_textmodule_69e0f9e354826 cws_textmodule'><h3 class='cws_textmodule_title'><span class='cws_textmodule_title_text title_color_gradient'>SADDLE STITCHING<\/span><\/h3><\/div><\/div><\/div><\/div><\/div><\/div><div class=\"vc_row-full-width vc_clearfix\"><\/div><\/div><div id=\"cws_content_69e0f9e354bd4\" class=\"cws_content_69e0f9e354bd4 cws-content background_no_hover\" ><div class=\"vc_row wpb_row vc_row-fluid vc_custom_1613844822078\"><div class=\"row_hover_effect\"><\/div><div id='cws_column_69e0f9e354e7c' class='cws_column_wrapper vc_col-sm-12'><div class=\"wpb_column vc_column_container vc_col-sm-12\"><div class=\"vc_column-inner\"><div class=\"wpb_wrapper\"><div class=\"vc_empty_space\"   style=\"height: 32px\"><span class=\"vc_empty_space_inner\"><\/span><\/div><div class='cws_textmodule_69e0f9e3552e4 cws_textmodule'><div class='cws_textmodule_content'><h4 style=\"text-align: center;\">Classic saddle stitching<\/h4>\n\n<\/div><\/div><div class=\"vc_empty_space\"   style=\"height: 32px\"><span class=\"vc_empty_space_inner\"><\/span><\/div><div class='cws_gallery_69e0f9e35576c cws_gallery_wrapper'><div class='cws_gallery_images columns_3 masonry magnific'><a href=\"https:\/\/www.zrinski.hr\/wp-content\/uploads\/2021\/04\/a2-scaled.jpg\" class='cws_gallery_image'><img src='https:\/\/www.zrinski.hr\/wp-content\/uploads\/2021\/04\/a2-scaled.jpg' alt='' \/><div class='cws_gallery_overlay'><span class='icon_wrapper'><\/span><\/div><\/a><a href=\"https:\/\/www.zrinski.hr\/wp-content\/uploads\/2021\/04\/b1-scaled.jpg\" class='cws_gallery_image'><img src='https:\/\/www.zrinski.hr\/wp-content\/uploads\/2021\/04\/b1-scaled.jpg' alt='' \/><div class='cws_gallery_overlay'><span class='icon_wrapper'><\/span><\/div><\/a><a href=\"https:\/\/www.zrinski.hr\/wp-content\/uploads\/2021\/04\/DSC_6635-scaled.jpg\" class='cws_gallery_image'><img src='https:\/\/www.zrinski.hr\/wp-content\/uploads\/2021\/04\/DSC_6635-scaled.jpg' alt='' \/><div class='cws_gallery_overlay'><span class='icon_wrapper'><\/span><\/div><\/a><\/div><\/div><div id='cws_divider_69e0f9e3564d2' class='cws_divider_wrapper style_gradient'><div class='cws_divider'><\/div><\/div><\/div><\/div><\/div><\/div><\/div><\/div><div id=\"cws_content_69e0f9e3565a4\" class=\"cws_content_69e0f9e3565a4 cws-content background_no_hover\" ><div class=\"vc_row wpb_row vc_row-fluid vc_custom_1613844822078\"><div class=\"row_hover_effect\"><\/div><div id='cws_column_69e0f9e356830' class='cws_column_wrapper vc_col-sm-12'><div class=\"wpb_column vc_column_container vc_col-sm-12\"><div class=\"vc_column-inner\"><div class=\"wpb_wrapper\"><div class='cws_textmodule_69e0f9e356a6b cws_textmodule'><div class='cws_textmodule_content'><h4 style=\"text-align: center;\">Omega saddle stitching<\/h4>\n\n<\/div><\/div><div class=\"vc_empty_space\"   style=\"height: 32px\"><span class=\"vc_empty_space_inner\"><\/span><\/div><div class='cws_gallery_69e0f9e356e4a cws_gallery_wrapper'><div class='cws_gallery_images columns_3 masonry magnific'><a href=\"https:\/\/www.zrinski.hr\/wp-content\/uploads\/2021\/04\/DSC_6493-scaled.jpg\" class='cws_gallery_image'><img src='https:\/\/www.zrinski.hr\/wp-content\/uploads\/2021\/04\/DSC_6493-scaled.jpg' alt='' \/><div class='cws_gallery_overlay'><span class='icon_wrapper'><\/span><\/div><\/a><a href=\"https:\/\/www.zrinski.hr\/wp-content\/uploads\/2021\/04\/DSC_6705-scaled.jpg\" class='cws_gallery_image'><img src='https:\/\/www.zrinski.hr\/wp-content\/uploads\/2021\/04\/DSC_6705-scaled.jpg' alt='' \/><div class='cws_gallery_overlay'><span class='icon_wrapper'><\/span><\/div><\/a><a href=\"https:\/\/www.zrinski.hr\/wp-content\/uploads\/2021\/04\/DSC_6708-scaled.jpg\" class='cws_gallery_image'><img src='https:\/\/www.zrinski.hr\/wp-content\/uploads\/2021\/04\/DSC_6708-scaled.jpg' alt='' \/><div class='cws_gallery_overlay'><span class='icon_wrapper'><\/span><\/div><\/a><\/div><\/div><div id='cws_divider_69e0f9e357a18' class='cws_divider_wrapper style_gradient'><div class='cws_divider'><\/div><\/div><\/div><\/div><\/div><\/div><\/div><\/div>\n<\/section>","protected":false},"excerpt":{"rendered":"KLAMANJE SA \u017dICOMKlamanje \u017eicom Klamanje \u017eicom &#8211; Omega","protected":false},"author":1,"featured_media":0,"parent":0,"menu_order":0,"comment_status":"closed","ping_status":"closed","template":"","meta":{"footnotes":""},"class_list":["post-2148","page","type-page","status-publish","hentry"],"_links":{"self":[{"href":"https:\/\/www.zrinski.hr\/en\/wp-json\/wp\/v2\/pages\/2148","targetHints":{"allow":["GET"]}}],"collection":[{"href":"https:\/\/www.zrinski.hr\/en\/wp-json\/wp\/v2\/pages"}],"about":[{"href":"https:\/\/www.zrinski.hr\/en\/wp-json\/wp\/v2\/types\/page"}],"author":[{"embeddable":true,"href":"https:\/\/www.zrinski.hr\/en\/wp-json\/wp\/v2\/users\/1"}],"replies":[{"embeddable":true,"href":"https:\/\/www.zrinski.hr\/en\/wp-json\/wp\/v2\/comments?post=2148"}],"version-history":[{"count":11,"href":"https:\/\/www.zrinski.hr\/en\/wp-json\/wp\/v2\/pages\/2148\/revisions"}],"predecessor-version":[{"id":2839,"href":"https:\/\/www.zrinski.hr\/en\/wp-json\/wp\/v2\/pages\/2148\/revisions\/2839"}],"wp:attachment":[{"href":"https:\/\/www.zrinski.hr\/en\/wp-json\/wp\/v2\/media?parent=2148"}],"curies":[{"name":"wp","href":"https:\/\/api.w.org\/{rel}","templated":true}]}}