{"id":2125,"date":"2021-02-20T20:53:15","date_gmt":"2021-02-20T20:53:15","guid":{"rendered":"https:\/\/www.zrinski.hr\/?page_id=2125"},"modified":"2023-02-21T15:17:50","modified_gmt":"2023-02-21T14:17:50","slug":"tisk-knjig-mehka-vezava-2","status":"publish","type":"page","link":"https:\/\/www.zrinski.hr\/en\/tisk-knjig-mehka-vezava-2\/","title":{"rendered":"2 &#8211; Meki uvez"},"content":{"rendered":"<section class=\"wpb-content-wrapper\"><div id=\"cws_content_69e0f9e88a9be\" class=\"cws_content_69e0f9e88a9be cws-content background_no_hover\" ><div data-vc-full-width=\"true\" data-vc-full-width-init=\"false\" class=\"vc_row wpb_row vc_row-fluid vc_custom_1670940285816 vc_row-has-fill\"><div class=\"row_hover_effect\"><\/div><div id='cws_column_69e0f9e88ae28' class='cws_column_wrapper vc_col-sm-12'><div class=\"wpb_column vc_column_container vc_col-sm-12\"><div class=\"vc_column-inner\"><div class=\"wpb_wrapper\"><div class='cws_textmodule_69e0f9e88b1dc cws_textmodule'><h3 class='cws_textmodule_title'><span class='cws_textmodule_title_text title_color_gradient'>SOFTCOVER BOOK PRINTING<\/span><\/h3><\/div><\/div><\/div><\/div><\/div><\/div><div class=\"vc_row-full-width vc_clearfix\"><\/div><\/div><div id=\"cws_content_69e0f9e88b453\" class=\"cws_content_69e0f9e88b453 cws-content background_no_hover\" ><div class=\"vc_row wpb_row vc_row-fluid vc_custom_1613844822078\"><div class=\"row_hover_effect\"><\/div><div id='cws_column_69e0f9e88b67a' class='cws_column_wrapper vc_col-sm-12'><div class=\"wpb_column vc_column_container vc_col-sm-12\"><div class=\"vc_column-inner\"><div class=\"wpb_wrapper\"><div class=\"vc_empty_space\"   style=\"height: 32px\"><span class=\"vc_empty_space_inner\"><\/span><\/div><div class='cws_textmodule_69e0f9e88bcd1 cws_textmodule'><div class='cws_textmodule_content'><p style=\"text-align: center;\">Softcover books are softer and flexible, which means that softcover books weigh less, making them easy to carry and somewhat more practical. We offer a wide range of coating materials, meaning your book will completely suit your content and wishes. Softcover books are most popular among leisure readers (e.g. novels), mainly because they are more affordable. They are also regularly used by advertisers and companies for promoting their products \/e.g. catalogues). At Evrografis, we produce perfect bound (classic), stitched and PUR glued, OTA bind and Swiss binding.\u00a0<span lang=\"SL\">OTA-bind i \u0160vicarski uvez<\/span><\/p>\n\n<\/div><\/div><div class=\"vc_empty_space\"   style=\"height: 32px\"><span class=\"vc_empty_space_inner\"><\/span><\/div><div class='cws_textmodule_69e0f9e88c0b7 cws_textmodule'><div class='cws_textmodule_content'><h4 style=\"text-align: center;\">Softcover \u2013 PUR<\/h4>\n\n<\/div><\/div><div class=\"vc_empty_space\"   style=\"height: 32px\"><span class=\"vc_empty_space_inner\"><\/span><\/div><div class='cws_gallery_69e0f9e88c404 cws_gallery_wrapper'><div class='cws_gallery_images columns_2 masonry magnific'><a href=\"https:\/\/www.zrinski.hr\/wp-content\/uploads\/2021\/04\/DSC_6421-scaled.jpg\" class='cws_gallery_image'><img src='https:\/\/www.zrinski.hr\/wp-content\/uploads\/2021\/04\/DSC_6421-scaled.jpg' alt='' \/><div class='cws_gallery_overlay'><span class='icon_wrapper'><\/span><\/div><\/a><a href=\"https:\/\/www.zrinski.hr\/wp-content\/uploads\/2021\/04\/DSC_6437-scaled.jpg\" class='cws_gallery_image'><img src='https:\/\/www.zrinski.hr\/wp-content\/uploads\/2021\/04\/DSC_6437-scaled.jpg' alt='' \/><div class='cws_gallery_overlay'><span class='icon_wrapper'><\/span><\/div><\/a><\/div><\/div><div id='cws_divider_69e0f9e88cb27' class='cws_divider_wrapper style_gradient'><div class='cws_divider'><\/div><\/div><\/div><\/div><\/div><\/div><\/div><\/div><div id=\"cws_content_69e0f9e88cbe6\" class=\"cws_content_69e0f9e88cbe6 cws-content background_no_hover\" ><div class=\"vc_row wpb_row vc_row-fluid vc_custom_1613844822078\"><div class=\"row_hover_effect\"><\/div><div id='cws_column_69e0f9e88ce21' class='cws_column_wrapper vc_col-sm-12'><div class=\"wpb_column vc_column_container vc_col-sm-12\"><div class=\"vc_column-inner\"><div class=\"wpb_wrapper\"><div class='cws_textmodule_69e0f9e88d006 cws_textmodule'><div class='cws_textmodule_content'><h4 style=\"text-align: center;\">Softcover \u2013 glued<\/h4>\n\n<\/div><\/div><div class=\"vc_empty_space\"   style=\"height: 32px\"><span class=\"vc_empty_space_inner\"><\/span><\/div><div class='cws_gallery_69e0f9e88d378 cws_gallery_wrapper'><div class='cws_gallery_images columns_2 masonry magnific'><a href=\"https:\/\/www.zrinski.hr\/wp-content\/uploads\/2021\/04\/DSC_6262-scaled.jpg\" class='cws_gallery_image'><img src='https:\/\/www.zrinski.hr\/wp-content\/uploads\/2021\/04\/DSC_6262-scaled.jpg' alt='' \/><div class='cws_gallery_overlay'><span class='icon_wrapper'><\/span><\/div><\/a><a href=\"https:\/\/www.zrinski.hr\/wp-content\/uploads\/2021\/04\/DSC_6279-scaled.jpg\" class='cws_gallery_image'><img src='https:\/\/www.zrinski.hr\/wp-content\/uploads\/2021\/04\/DSC_6279-scaled.jpg' alt='' \/><div class='cws_gallery_overlay'><span class='icon_wrapper'><\/span><\/div><\/a><\/div><\/div><div id='cws_divider_69e0f9e88da5b' class='cws_divider_wrapper style_gradient'><div class='cws_divider'><\/div><\/div><\/div><\/div><\/div><\/div><\/div><\/div><div id=\"cws_content_69e0f9e88db1a\" class=\"cws_content_69e0f9e88db1a cws-content background_no_hover\" ><div class=\"vc_row wpb_row vc_row-fluid vc_custom_1613844822078\"><div class=\"row_hover_effect\"><\/div><div id='cws_column_69e0f9e88dd2e' class='cws_column_wrapper vc_col-sm-12'><div class=\"wpb_column vc_column_container vc_col-sm-12\"><div class=\"vc_column-inner\"><div class=\"wpb_wrapper\"><div class='cws_textmodule_69e0f9e88df1d cws_textmodule'><div class='cws_textmodule_content'><h4 style=\"text-align: center;\">Softcover \u2013 sewn<\/h4>\n\n<\/div><\/div><div class=\"vc_empty_space\"   style=\"height: 32px\"><span class=\"vc_empty_space_inner\"><\/span><\/div><div class='cws_gallery_69e0f9e88e2a0 cws_gallery_wrapper'><div class='cws_gallery_images columns_2 masonry magnific'><a href=\"https:\/\/www.zrinski.hr\/wp-content\/uploads\/2021\/04\/DSC_6336-scaled.jpg\" class='cws_gallery_image'><img src='https:\/\/www.zrinski.hr\/wp-content\/uploads\/2021\/04\/DSC_6336-scaled.jpg' alt='' \/><div class='cws_gallery_overlay'><span class='icon_wrapper'><\/span><\/div><\/a><a href=\"https:\/\/www.zrinski.hr\/wp-content\/uploads\/2021\/04\/DSC_6339-scaled.jpg\" class='cws_gallery_image'><img src='https:\/\/www.zrinski.hr\/wp-content\/uploads\/2021\/04\/DSC_6339-scaled.jpg' alt='' \/><div class='cws_gallery_overlay'><span class='icon_wrapper'><\/span><\/div><\/a><\/div><\/div><div id='cws_divider_69e0f9e88e943' class='cws_divider_wrapper style_gradient'><div class='cws_divider'><\/div><\/div><\/div><\/div><\/div><\/div><\/div><\/div><div id=\"cws_content_69e0f9e88e9ec\" class=\"cws_content_69e0f9e88e9ec cws-content background_no_hover\" ><div class=\"vc_row wpb_row vc_row-fluid vc_custom_1613844822078\"><div class=\"row_hover_effect\"><\/div><div id='cws_column_69e0f9e88ec08' class='cws_column_wrapper vc_col-sm-12'><div class=\"wpb_column vc_column_container vc_col-sm-12\"><div class=\"vc_column-inner\"><div class=\"wpb_wrapper\"><div class='cws_textmodule_69e0f9e88ede7 cws_textmodule'><div class='cws_textmodule_content'><h4 style=\"text-align: center;\">Softcover \u2013 glued with flaps<\/h4>\n\n<\/div><\/div><div class=\"vc_empty_space\"   style=\"height: 32px\"><span class=\"vc_empty_space_inner\"><\/span><\/div><div class='cws_gallery_69e0f9e88f16b cws_gallery_wrapper'><div class='cws_gallery_images columns_2 masonry magnific'><a href=\"https:\/\/www.zrinski.hr\/wp-content\/uploads\/2021\/04\/DSC_6722-scaled.jpg\" class='cws_gallery_image'><img src='https:\/\/www.zrinski.hr\/wp-content\/uploads\/2021\/04\/DSC_6722-scaled.jpg' alt='' \/><div class='cws_gallery_overlay'><span class='icon_wrapper'><\/span><\/div><\/a><a href=\"https:\/\/www.zrinski.hr\/wp-content\/uploads\/2021\/04\/DSC_6752-scaled.jpg\" class='cws_gallery_image'><img src='https:\/\/www.zrinski.hr\/wp-content\/uploads\/2021\/04\/DSC_6752-scaled.jpg' alt='' \/><div class='cws_gallery_overlay'><span class='icon_wrapper'><\/span><\/div><\/a><\/div><\/div><div id='cws_divider_69e0f9e88f784' class='cws_divider_wrapper style_gradient'><div class='cws_divider'><\/div><\/div><\/div><\/div><\/div><\/div><\/div><\/div><div id=\"cws_content_69e0f9e88f833\" class=\"cws_content_69e0f9e88f833 cws-content background_no_hover\" ><div class=\"vc_row wpb_row vc_row-fluid vc_custom_1613844822078\"><div class=\"row_hover_effect\"><\/div><div id='cws_column_69e0f9e88fa50' class='cws_column_wrapper vc_col-sm-12'><div class=\"wpb_column vc_column_container vc_col-sm-12\"><div class=\"vc_column-inner\"><div class=\"wpb_wrapper\"><div class='cws_textmodule_69e0f9e88fc0a cws_textmodule'><div class='cws_textmodule_content'><h4 style=\"text-align: center;\">Softcover \u2013 sewn with flaps<\/h4>\n\n<\/div><\/div><div class=\"vc_empty_space\"   style=\"height: 32px\"><span class=\"vc_empty_space_inner\"><\/span><\/div><div class='cws_gallery_69e0f9e88ff78 cws_gallery_wrapper'><div class='cws_gallery_images columns_2 masonry magnific'><a href=\"https:\/\/www.zrinski.hr\/wp-content\/uploads\/2021\/04\/DSC_6393-scaled.jpg\" class='cws_gallery_image'><img src='https:\/\/www.zrinski.hr\/wp-content\/uploads\/2021\/04\/DSC_6393-scaled.jpg' alt='' \/><div class='cws_gallery_overlay'><span class='icon_wrapper'><\/span><\/div><\/a><a href=\"https:\/\/www.zrinski.hr\/wp-content\/uploads\/2021\/04\/DSC_6394-scaled.jpg\" class='cws_gallery_image'><img src='https:\/\/www.zrinski.hr\/wp-content\/uploads\/2021\/04\/DSC_6394-scaled.jpg' alt='' \/><div class='cws_gallery_overlay'><span class='icon_wrapper'><\/span><\/div><\/a><\/div><\/div><div id='cws_divider_69e0f9e890500' class='cws_divider_wrapper style_gradient'><div class='cws_divider'><\/div><\/div><\/div><\/div><\/div><\/div><\/div><\/div><div id=\"cws_content_69e0f9e8905bb\" class=\"cws_content_69e0f9e8905bb cws-content background_no_hover\" ><div class=\"vc_row wpb_row vc_row-fluid vc_custom_1613844822078\"><div class=\"row_hover_effect\"><\/div><div id='cws_column_69e0f9e8907ad' class='cws_column_wrapper vc_col-sm-12'><div class=\"wpb_column vc_column_container vc_col-sm-12\"><div class=\"vc_column-inner\"><div class=\"wpb_wrapper\"><div class='cws_textmodule_69e0f9e89098b cws_textmodule'><div class='cws_textmodule_content'><h4 style=\"text-align: center;\">OTA-Bind<\/h4>\n<p style=\"text-align: center;\">The cover is glued to the book block on the side. The spine of the cover is grooved 6x, the book block is glued with the cover between the grooves, so that the spine of the book is free and not glued together with the book block.<\/p>\n\n<\/div><\/div><div class=\"vc_empty_space\"   style=\"height: 32px\"><span class=\"vc_empty_space_inner\"><\/span><\/div><div class='cws_gallery_69e0f9e890d20 cws_gallery_wrapper'><div class='cws_gallery_images columns_2 masonry magnific'><a href=\"https:\/\/www.zrinski.hr\/wp-content\/uploads\/2023\/02\/OTABIND1-scaled.jpg\" class='cws_gallery_image'><img src='https:\/\/www.zrinski.hr\/wp-content\/uploads\/2023\/02\/OTABIND1-scaled.jpg' alt='' \/><div class='cws_gallery_overlay'><span class='icon_wrapper'><\/span><\/div><\/a><a href=\"https:\/\/www.zrinski.hr\/wp-content\/uploads\/2023\/02\/OTABIND2-scaled.jpg\" class='cws_gallery_image'><img src='https:\/\/www.zrinski.hr\/wp-content\/uploads\/2023\/02\/OTABIND2-scaled.jpg' alt='' \/><div class='cws_gallery_overlay'><span class='icon_wrapper'><\/span><\/div><\/a><\/div><\/div><div id='cws_divider_69e0f9e8912dc' class='cws_divider_wrapper style_gradient'><div class='cws_divider'><\/div><\/div><\/div><\/div><\/div><\/div><\/div><\/div><div id=\"cws_content_69e0f9e891381\" class=\"cws_content_69e0f9e891381 cws-content background_no_hover\" ><div class=\"vc_row wpb_row vc_row-fluid vc_custom_1613844822078\"><div class=\"row_hover_effect\"><\/div><div id='cws_column_69e0f9e8915ae' class='cws_column_wrapper vc_col-sm-12'><div class=\"wpb_column vc_column_container vc_col-sm-12\"><div class=\"vc_column-inner\"><div class=\"wpb_wrapper\"><div class='cws_textmodule_69e0f9e891788 cws_textmodule'><div class='cws_textmodule_content'><h4 style=\"text-align: center;\">Swiss binding<\/h4>\n<p style=\"text-align: center;\">We cover the spine of the book block with cheese-cloth, the cover is grooved 3 times and is not glued to the spine of the book block, but is stuck to the back side with a narrow strip.<\/p>\n\n<\/div><\/div><div class=\"vc_empty_space\"   style=\"height: 32px\"><span class=\"vc_empty_space_inner\"><\/span><\/div><div class='cws_gallery_69e0f9e891b2c cws_gallery_wrapper'><div class='cws_gallery_images columns_2 masonry magnific'><a href=\"https:\/\/www.zrinski.hr\/wp-content\/uploads\/2023\/02\/SVICARSKA1-scaled.jpg\" class='cws_gallery_image'><img src='https:\/\/www.zrinski.hr\/wp-content\/uploads\/2023\/02\/SVICARSKA1-scaled.jpg' alt='' \/><div class='cws_gallery_overlay'><span class='icon_wrapper'><\/span><\/div><\/a><a href=\"https:\/\/www.zrinski.hr\/wp-content\/uploads\/2023\/02\/SVICARSKA2-scaled.jpg\" class='cws_gallery_image'><img src='https:\/\/www.zrinski.hr\/wp-content\/uploads\/2023\/02\/SVICARSKA2-scaled.jpg' alt='' \/><div class='cws_gallery_overlay'><span class='icon_wrapper'><\/span><\/div><\/a><\/div><\/div><div id='cws_divider_69e0f9e8920df' class='cws_divider_wrapper style_gradient'><div class='cws_divider'><\/div><\/div><\/div><\/div><\/div><\/div><\/div><\/div>\n<\/section>","protected":false},"excerpt":{"rendered":"MEKI UVEZ - TISAK BRO\u0160URAMeki uvezi su mek\u0161i i savitljiviji, a korice su obi\u010dno iste veli\u010dine kao i knji\u017eni blok, pa su meki uvezi lak\u0161i za no\u0161enje i malo prakti\u010dniji. I kod knjiga s mekim uvezom nudimo \u0161irok izbor materijala za korice, zna\u010di da se knjiga mo\u017ee savr\u0161eno prilagoditi Va\u0161em sadr\u017eaju i \u017eeljama. Meki uvezi [...]","protected":false},"author":1,"featured_media":0,"parent":0,"menu_order":0,"comment_status":"closed","ping_status":"closed","template":"","meta":{"footnotes":""},"class_list":["post-2125","page","type-page","status-publish","hentry"],"_links":{"self":[{"href":"https:\/\/www.zrinski.hr\/en\/wp-json\/wp\/v2\/pages\/2125","targetHints":{"allow":["GET"]}}],"collection":[{"href":"https:\/\/www.zrinski.hr\/en\/wp-json\/wp\/v2\/pages"}],"about":[{"href":"https:\/\/www.zrinski.hr\/en\/wp-json\/wp\/v2\/types\/page"}],"author":[{"embeddable":true,"href":"https:\/\/www.zrinski.hr\/en\/wp-json\/wp\/v2\/users\/1"}],"replies":[{"embeddable":true,"href":"https:\/\/www.zrinski.hr\/en\/wp-json\/wp\/v2\/comments?post=2125"}],"version-history":[{"count":48,"href":"https:\/\/www.zrinski.hr\/en\/wp-json\/wp\/v2\/pages\/2125\/revisions"}],"predecessor-version":[{"id":3044,"href":"https:\/\/www.zrinski.hr\/en\/wp-json\/wp\/v2\/pages\/2125\/revisions\/3044"}],"wp:attachment":[{"href":"https:\/\/www.zrinski.hr\/en\/wp-json\/wp\/v2\/media?parent=2125"}],"curies":[{"name":"wp","href":"https:\/\/api.w.org\/{rel}","templated":true}]}}