{"id":2080,"date":"2021-02-20T17:58:06","date_gmt":"2021-02-20T17:58:06","guid":{"rendered":"https:\/\/www.zrinski.hr\/?page_id=2080"},"modified":"2022-12-14T19:26:16","modified_gmt":"2022-12-14T18:26:16","slug":"tisk-knjig-trda-vezava","status":"publish","type":"page","link":"https:\/\/www.zrinski.hr\/en\/tisk-knjig-trda-vezava\/","title":{"rendered":"1 &#8211; Tisk knjig &#8211; trda vezava"},"content":{"rendered":"<section class=\"wpb-content-wrapper\"><div id=\"cws_content_69e0f9ff60bcd\" class=\"cws_content_69e0f9ff60bcd cws-content background_no_hover\" ><div data-vc-full-width=\"true\" data-vc-full-width-init=\"false\" class=\"vc_row wpb_row vc_row-fluid vc_custom_1670940285816 vc_row-has-fill\"><div class=\"row_hover_effect\"><\/div><div id='cws_column_69e0f9ff6117c' class='cws_column_wrapper vc_col-sm-12'><div class=\"wpb_column vc_column_container vc_col-sm-12\"><div class=\"vc_column-inner\"><div class=\"wpb_wrapper\"><div class='cws_textmodule_69e0f9ff616d4 cws_textmodule'><h3 class='cws_textmodule_title'><span class='cws_textmodule_title_text title_color_gradient'>HARDCOVER BOOK PRINTING<\/span><\/h3><\/div><\/div><\/div><\/div><\/div><\/div><div class=\"vc_row-full-width vc_clearfix\"><\/div><\/div><div id=\"cws_content_69e0f9ff61a4c\" class=\"cws_content_69e0f9ff61a4c cws-content background_no_hover\" ><div class=\"vc_row wpb_row vc_row-fluid vc_custom_1613844822078\"><div class=\"row_hover_effect\"><\/div><div id='cws_column_69e0f9ff61cde' class='cws_column_wrapper vc_col-sm-12'><div class=\"wpb_column vc_column_container vc_col-sm-12\"><div class=\"vc_column-inner\"><div class=\"wpb_wrapper\"><div class=\"vc_empty_space\"   style=\"height: 10px\"><span class=\"vc_empty_space_inner\"><\/span><\/div><div class='cws_textmodule_69e0f9ff620fa cws_textmodule'><div class='cws_textmodule_content'><p style=\"text-align: center;\">Hardcover books are considered top quality and are also most durable. Covers of hardcover books are made of cardboards and are therefore rigid, robust and somewhat heavier than in other types of binding. The cover can be coated with different materials. The selection of coating materials nowadays is extremely diverse, from lightly printed and laminated paper or cardboards, to different artificial supplements and so on. Hardcover books are usually more expensive, compared to other types of binding, but leave the most lasting impression on readers, who most often subconsciously also take such a book more seriously.<\/p>\n<p style=\"text-align: center;\">Knjige s tvrdim uvezom smatraju se najkvalitetnijima i imaju najdulju trajnost. Korice tvrdih knjiga izra\u0111ene su od kartona, pa su nesavitljive, robusne i ne\u0161to te\u017ee od ostalih vrsta uveza. Poklopac odn to\u010dnije karton mo\u017ee se oblo\u017eiti razli\u010ditim materijalima. Danas je izbor materijala za pokrivanje izuzetno raznolik, mo\u017eemo koristiti tiskani i plastificirani papir, platno, razne umjetne nadomjestke i sli\u010dno. Knjige s tvrdim uvezom obi\u010dno su skuplje od ostalih vrsta uveza, ali ostavljaju najve\u0107i dojam na \u010ditatelja, a sadr\u017eaj knjige s tvrdim uvezom obi\u010dno se podsvjesno shva\u0107a ozbiljnije nego kod ostalih uveza.<\/p>\n\n<\/div><\/div><div class=\"vc_empty_space\"   style=\"height: 32px\"><span class=\"vc_empty_space_inner\"><\/span><\/div><div class='cws_textmodule_69e0f9ff625e2 cws_textmodule'><div class='cws_textmodule_content'><h4 style=\"text-align: center;\">Square back<\/h4>\n\n<\/div><\/div><div class=\"vc_empty_space\"   style=\"height: 32px\"><span class=\"vc_empty_space_inner\"><\/span><\/div><div class='cws_gallery_69e0f9ff6296f cws_gallery_wrapper'><div class='cws_gallery_images columns_3 masonry magnific'><a href=\"https:\/\/www.zrinski.hr\/wp-content\/uploads\/2021\/04\/DSC_6029-scaled.jpg\" class='cws_gallery_image'><img src='https:\/\/www.zrinski.hr\/wp-content\/uploads\/2021\/04\/DSC_6029-scaled.jpg' alt='' \/><div class='cws_gallery_overlay'><span class='icon_wrapper'><\/span><\/div><\/a><a href=\"https:\/\/www.zrinski.hr\/wp-content\/uploads\/2021\/04\/DSC_6056-scaled.jpg\" class='cws_gallery_image'><img src='https:\/\/www.zrinski.hr\/wp-content\/uploads\/2021\/04\/DSC_6056-scaled.jpg' alt='' \/><div class='cws_gallery_overlay'><span class='icon_wrapper'><\/span><\/div><\/a><a href=\"https:\/\/www.zrinski.hr\/wp-content\/uploads\/2021\/04\/DSC_6060-scaled.jpg\" class='cws_gallery_image'><img src='https:\/\/www.zrinski.hr\/wp-content\/uploads\/2021\/04\/DSC_6060-scaled.jpg' alt='' \/><div class='cws_gallery_overlay'><span class='icon_wrapper'><\/span><\/div><\/a><\/div><\/div><div id='cws_divider_69e0f9ff63783' class='cws_divider_wrapper style_gradient'><div class='cws_divider'><\/div><\/div><\/div><\/div><\/div><\/div><\/div><\/div><div id=\"cws_content_69e0f9ff63863\" class=\"cws_content_69e0f9ff63863 cws-content background_no_hover\" ><div class=\"vc_row wpb_row vc_row-fluid vc_custom_1613844822078\"><div class=\"row_hover_effect\"><\/div><div id='cws_column_69e0f9ff63ae0' class='cws_column_wrapper vc_col-sm-12'><div class=\"wpb_column vc_column_container vc_col-sm-12\"><div class=\"vc_column-inner\"><div class=\"wpb_wrapper\"><div class='cws_textmodule_69e0f9ff63d13 cws_textmodule'><div class='cws_textmodule_content'><h4 style=\"text-align: center;\">Round back<\/h4>\n\n<\/div><\/div><div class=\"vc_empty_space\"   style=\"height: 32px\"><span class=\"vc_empty_space_inner\"><\/span><\/div><div class='cws_gallery_69e0f9ff640f5 cws_gallery_wrapper'><div class='cws_gallery_images columns_3 masonry magnific'><a href=\"https:\/\/www.zrinski.hr\/wp-content\/uploads\/2021\/04\/DSC_6045-scaled.jpg\" class='cws_gallery_image'><img src='https:\/\/www.zrinski.hr\/wp-content\/uploads\/2021\/04\/DSC_6045-scaled.jpg' alt='' \/><div class='cws_gallery_overlay'><span class='icon_wrapper'><\/span><\/div><\/a><a href=\"https:\/\/www.zrinski.hr\/wp-content\/uploads\/2021\/04\/DSC_6061-scaled.jpg\" class='cws_gallery_image'><img src='https:\/\/www.zrinski.hr\/wp-content\/uploads\/2021\/04\/DSC_6061-scaled.jpg' alt='' \/><div class='cws_gallery_overlay'><span class='icon_wrapper'><\/span><\/div><\/a><a href=\"https:\/\/www.zrinski.hr\/wp-content\/uploads\/2021\/04\/DSC_6124-scaled.jpg\" class='cws_gallery_image'><img src='https:\/\/www.zrinski.hr\/wp-content\/uploads\/2021\/04\/DSC_6124-scaled.jpg' alt='' \/><div class='cws_gallery_overlay'><span class='icon_wrapper'><\/span><\/div><\/a><\/div><\/div><div id='cws_divider_69e0f9ff64dae' class='cws_divider_wrapper style_gradient'><div class='cws_divider'><\/div><\/div><\/div><\/div><\/div><\/div><\/div><\/div><div id=\"cws_content_69e0f9ff64e95\" class=\"cws_content_69e0f9ff64e95 cws-content background_no_hover\" ><div class=\"vc_row wpb_row vc_row-fluid vc_custom_1613844822078\"><div class=\"row_hover_effect\"><\/div><div id='cws_column_69e0f9ff650dc' class='cws_column_wrapper vc_col-sm-12'><div class=\"wpb_column vc_column_container vc_col-sm-12\"><div class=\"vc_column-inner\"><div class=\"wpb_wrapper\"><div class='cws_textmodule_69e0f9ff652ee cws_textmodule'><div class='cws_textmodule_content'><h4 style=\"text-align: center;\">Capital band<\/h4>\n\n<\/div><\/div><div class=\"vc_empty_space\"   style=\"height: 32px\"><span class=\"vc_empty_space_inner\"><\/span><\/div><div class='cws_gallery_69e0f9ff656c7 cws_gallery_wrapper'><div class='cws_gallery_images columns_3 masonry magnific'><a href=\"https:\/\/www.zrinski.hr\/wp-content\/uploads\/2021\/02\/Trda-vezava_0004_Layer-15.jpg\" class='cws_gallery_image'><img src='https:\/\/www.zrinski.hr\/wp-content\/uploads\/2021\/02\/Trda-vezava_0004_Layer-15.jpg' alt='' \/><div class='cws_gallery_overlay'><span class='icon_wrapper'><\/span><\/div><\/a><a href=\"https:\/\/www.zrinski.hr\/wp-content\/uploads\/2022\/12\/Kapitalna-traka-2.jpg\" class='cws_gallery_image'><img src='https:\/\/www.zrinski.hr\/wp-content\/uploads\/2022\/12\/Kapitalna-traka-2.jpg' alt='' \/><div class='cws_gallery_overlay'><span class='icon_wrapper'><\/span><\/div><\/a><a href=\"https:\/\/www.zrinski.hr\/wp-content\/uploads\/2022\/12\/Kapitalna-traka-3.jpg\" class='cws_gallery_image'><img src='https:\/\/www.zrinski.hr\/wp-content\/uploads\/2022\/12\/Kapitalna-traka-3.jpg' alt='' \/><div class='cws_gallery_overlay'><span class='icon_wrapper'><\/span><\/div><\/a><\/div><\/div><div id='cws_divider_69e0f9ff661fc' class='cws_divider_wrapper style_gradient'><div class='cws_divider'><\/div><\/div><\/div><\/div><\/div><\/div><\/div><\/div><div id=\"cws_content_69e0f9ff662b8\" class=\"cws_content_69e0f9ff662b8 cws-content background_no_hover\" ><div class=\"vc_row wpb_row vc_row-fluid vc_custom_1613844822078\"><div class=\"row_hover_effect\"><\/div><div id='cws_column_69e0f9ff66500' class='cws_column_wrapper vc_col-sm-12'><div class=\"wpb_column vc_column_container vc_col-sm-12\"><div class=\"vc_column-inner\"><div class=\"wpb_wrapper\"><div class='cws_textmodule_69e0f9ff666f8 cws_textmodule'><div class='cws_textmodule_content'><h4 style=\"text-align: center;\">Bookmark ribbon<\/h4>\n\n<\/div><\/div><div class=\"vc_empty_space\"   style=\"height: 32px\"><span class=\"vc_empty_space_inner\"><\/span><\/div><div class='cws_gallery_69e0f9ff66b21 cws_gallery_wrapper'><div class='cws_gallery_images columns_3 masonry magnific'><a href=\"https:\/\/www.zrinski.hr\/wp-content\/uploads\/2021\/02\/Trda-vezava_0003_Layer-16.jpg\" class='cws_gallery_image'><img src='https:\/\/www.zrinski.hr\/wp-content\/uploads\/2021\/02\/Trda-vezava_0003_Layer-16.jpg' alt='' \/><div class='cws_gallery_overlay'><span class='icon_wrapper'><\/span><\/div><\/a><a href=\"https:\/\/www.zrinski.hr\/wp-content\/uploads\/2021\/02\/Trda-vezava_0005_Layer-14.jpg\" class='cws_gallery_image'><img src='https:\/\/www.zrinski.hr\/wp-content\/uploads\/2021\/02\/Trda-vezava_0005_Layer-14.jpg' alt='' \/><div class='cws_gallery_overlay'><span class='icon_wrapper'><\/span><\/div><\/a><a href=\"https:\/\/www.zrinski.hr\/wp-content\/uploads\/2022\/12\/Pokazna-traka-3.jpg\" class='cws_gallery_image'><img src='https:\/\/www.zrinski.hr\/wp-content\/uploads\/2022\/12\/Pokazna-traka-3.jpg' alt='' \/><div class='cws_gallery_overlay'><span class='icon_wrapper'><\/span><\/div><\/a><\/div><\/div><div id='cws_divider_69e0f9ff67441' class='cws_divider_wrapper style_gradient'><div class='cws_divider'><\/div><\/div><\/div><\/div><\/div><\/div><\/div><\/div>\n<\/section>","protected":false},"excerpt":{"rendered":"TVRDI UVEZ - TISAK KNJIGATisak knjiga ima posebno mjesto u na\u0161oj tiskari, uostalom knjige su rezultat civilizacijskog napretka. Svaka knjiga krije pravu malu riznicu znanja s bri\u017enim pe\u010datom autora. Mnogi su se bojali da \u0107e tiskanu knjigu zamijeniti elektroni\u010dka verzija. U Evrografisu vjerujemo da je tiskana knjiga do te mjere obilje\u017eila \u010dovje\u010danstvo da je ne\u0107emo [...]","protected":false},"author":1,"featured_media":0,"parent":0,"menu_order":0,"comment_status":"closed","ping_status":"closed","template":"","meta":{"footnotes":""},"class_list":["post-2080","page","type-page","status-publish","hentry"],"_links":{"self":[{"href":"https:\/\/www.zrinski.hr\/en\/wp-json\/wp\/v2\/pages\/2080","targetHints":{"allow":["GET"]}}],"collection":[{"href":"https:\/\/www.zrinski.hr\/en\/wp-json\/wp\/v2\/pages"}],"about":[{"href":"https:\/\/www.zrinski.hr\/en\/wp-json\/wp\/v2\/types\/page"}],"author":[{"embeddable":true,"href":"https:\/\/www.zrinski.hr\/en\/wp-json\/wp\/v2\/users\/1"}],"replies":[{"embeddable":true,"href":"https:\/\/www.zrinski.hr\/en\/wp-json\/wp\/v2\/comments?post=2080"}],"version-history":[{"count":41,"href":"https:\/\/www.zrinski.hr\/en\/wp-json\/wp\/v2\/pages\/2080\/revisions"}],"predecessor-version":[{"id":2847,"href":"https:\/\/www.zrinski.hr\/en\/wp-json\/wp\/v2\/pages\/2080\/revisions\/2847"}],"wp:attachment":[{"href":"https:\/\/www.zrinski.hr\/en\/wp-json\/wp\/v2\/media?parent=2080"}],"curies":[{"name":"wp","href":"https:\/\/api.w.org\/{rel}","templated":true}]}}