{"id":619,"date":"2020-02-03T12:03:02","date_gmt":"2020-02-03T12:03:02","guid":{"rendered":"https:\/\/www.zrinski.hr\/"},"modified":"2023-09-19T15:19:52","modified_gmt":"2023-09-19T14:19:52","slug":"home-instagram","status":"publish","type":"page","link":"https:\/\/www.zrinski.hr\/de\/","title":{"rendered":"Home Zrinski"},"content":{"rendered":"<section class=\"wpb-content-wrapper\"><div id=\"cws_content_69e0dbe60457e\" class=\"cws_content_69e0dbe60457e cws-content background_no_hover\" ><div class=\"vc_row wpb_row vc_row-fluid\"><div class=\"row_hover_effect\"><\/div><div id='cws_column_69e0dbe604ab4' class='cws_column_wrapper vc_col-sm-12'><div class=\"wpb_column vc_column_container vc_col-sm-12\"><div class=\"vc_column-inner\"><div class=\"wpb_wrapper\">\n\t<div class=\"wpb_video_widget wpb_content_element vc_clearfix   vc_video-aspect-ratio-169 vc_video-el-width-80 vc_video-align-center\" >\n\t\t<div class=\"wpb_wrapper\">\n\t\t\t\n\t\t\t<div class=\"wpb_video_wrapper\"><iframe loading=\"lazy\" title=\"TISKARA ZRINSKI CROATIA\" width=\"1170\" height=\"878\" src=\"https:\/\/www.youtube.com\/embed\/OV2jSu4AdNc?feature=oembed\" frameborder=\"0\" allow=\"accelerometer; autoplay; clipboard-write; encrypted-media; gyroscope; picture-in-picture\" allowfullscreen><\/iframe><\/div>\n\t\t<\/div>\n\t<\/div>\n<\/div><\/div><\/div><\/div><\/div><\/div><div id=\"cws_content_69e0dbe605b42\" class=\"cws_content_69e0dbe605b42 cws-content background_no_hover\" ><div class=\"vc_row wpb_row vc_row-fluid\"><div class=\"row_hover_effect\"><\/div><div id='cws_column_69e0dbe605e49' class='cws_column_wrapper vc_col-sm-12'><div class=\"wpb_column vc_column_container vc_col-sm-12\"><div class=\"vc_column-inner\"><div class=\"wpb_wrapper\"><div class=\"vc_empty_space\"   style=\"height: 32px\"><span class=\"vc_empty_space_inner\"><\/span><\/div><div id='cws_icon_69e0dbe60625d' class='cws_icon_module icon_shape_none'><div class='icon_wrapper color_type_simple'><i class=\"flaticon-map\"><\/i><\/div><\/div><div class='cws_textmodule_69e0dbe6062df cws_textmodule'><h3 class='cws_textmodule_title'><span class='cws_textmodule_title_text title_color_simple'>Beeindruckender Druck.<\/span><\/h3><div class=\"cws_textmodule_divider\"><div class=\"cws_textmodule_divider_inner\"><\/div><\/div><div class='cws_textmodule_content'><p>Druckerei Zrinski<\/p>\n<\/div><\/div><\/div><\/div><\/div><\/div><\/div><\/div><div id=\"cws_content_69e0dbe606691\" class=\"cws_content_69e0dbe606691 cws-content background_no_hover\" ><div class=\"vc_row wpb_row vc_row-fluid vc_custom_1671098980405\"><div class=\"row_hover_effect\"><\/div><div id='cws_column_69e0dbe60694d' class='cws_column_wrapper vc_col-sm-12 vc_col-lg-5 vc_col-md-5'><div class=\"wpb_column vc_column_container vc_col-sm-12 vc_col-lg-5 vc_col-md-5\"><div class=\"vc_column-inner\"><div class=\"wpb_wrapper\"><div id='cws_image_69e0dbe606b9e' class='cws_image_module background_3d'  data-max_tilt=\"10\" data-perspective=\"1000\" data-scale=\"1\" data-speed=\"300\"><div class=\"main_image\"><img decoding=\"async\" class=\"image\" src=\"https:\/\/www.zrinski.hr\/wp-content\/uploads\/2022\/12\/Knjige-na-kupu2-300x295.jpg\" srcset=\"https:\/\/www.zrinski.hr\/wp-content\/uploads\/2022\/12\/Knjige-na-kupu2-300x295.jpg 300w, https:\/\/www.zrinski.hr\/wp-content\/uploads\/2022\/12\/Knjige-na-kupu2-1024x1006.jpg 1024w, https:\/\/www.zrinski.hr\/wp-content\/uploads\/2022\/12\/Knjige-na-kupu2-600x589.jpg 600w, https:\/\/www.zrinski.hr\/wp-content\/uploads\/2022\/12\/Knjige-na-kupu2-1536x1509.jpg 1536w, https:\/\/www.zrinski.hr\/wp-content\/uploads\/2022\/12\/Knjige-na-kupu2-2048x2012.jpg 2048w, https:\/\/www.zrinski.hr\/wp-content\/uploads\/2022\/12\/Knjige-na-kupu2-12x12.jpg 12w\" sizes=\"(max-width: 300px) 100vw, 300px\" alt=\"\" \/><\/div><\/div><\/div><\/div><\/div><\/div><div class=\"row_hover_effect\"><\/div><div id='cws_column_69e0dbe60741a' class='cws_column_wrapper vc_col-sm-12 vc_col-lg-7 vc_col-md-7'><div class=\"wpb_column vc_column_container vc_col-sm-12 vc_col-lg-7 vc_col-md-7\"><div class=\"vc_column-inner\"><div class=\"wpb_wrapper\"><div id='cws_inner_row_69e0dbe6077bc' class='cws_inner_row_wrapper'><div class=\"vc_row wpb_row vc_inner vc_row-fluid\"><div id='cws_column_69e0dbe607a60' class='cws_column_wrapper vc_col-sm-6'><div class=\"wpb_column vc_column_container vc_col-sm-6\"><div class=\"vc_column-inner\"><div class=\"wpb_wrapper\"><a href='https:\/\/www.zrinski.hr\/de\/tisk-knjig-trda-vezava\/' id='cws_service_69e0dbe6083c0' class='cws_service_module style_icon_left image_shape_rounded hover_effect_none align_left mobile_align_center'><div class=\"service_background color_type_simple\"><\/div><div class='service_image_wrapper'><img src='https:\/\/www.zrinski.hr\/wp-content\/uploads\/2021\/01\/ico3.png' alt='' \/><\/div><div class=\"service_content_wrapper\"><h5 class=\"service_title color_type_simple\"><span class=\"service_title_text\">FESTER EINBAND<\/span><\/h5><\/div><\/a><a href='https:\/\/www.zrinski.hr\/de\/tisk-knjig-mehka-vezava-2\/' id='cws_service_69e0dbe608b07' class='cws_service_module style_icon_left image_shape_rounded hover_effect_none align_left mobile_align_center'><div class=\"service_background color_type_simple\"><\/div><div class='service_image_wrapper'><img src='https:\/\/www.zrinski.hr\/wp-content\/uploads\/2021\/01\/ico2.png' alt='' \/><\/div><div class=\"service_content_wrapper\"><h5 class=\"service_title color_type_simple\"><span class=\"service_title_text\">DRUCK MIT WEICHEM EINBAND<\/span><\/h5><\/div><\/a><a href='https:\/\/www.zrinski.hr\/de\/integralni_uvez\/' id='cws_service_69e0dbe609358' class='cws_service_module style_icon_left image_shape_rounded hover_effect_none align_left mobile_align_center'><div class=\"service_background color_type_simple\"><\/div><div class='service_image_wrapper'><img src='https:\/\/www.zrinski.hr\/wp-content\/uploads\/2021\/01\/ico1a.png' alt='' \/><\/div><div class=\"service_content_wrapper\"><h5 class=\"service_title color_type_simple\"><span class=\"service_title_text\">INTEGRALBINDUNG<\/span><\/h5><\/div><\/a><\/div><\/div><\/div><\/div><div id='cws_column_69e0dbe6094d3' class='cws_column_wrapper vc_col-sm-6'><div class=\"wpb_column vc_column_container vc_col-sm-6\"><div class=\"vc_column-inner\"><div class=\"wpb_wrapper\"><a href='https:\/\/www.zrinski.hr\/de\/klamanje_zica\/' id='cws_service_69e0dbe609e8e' class='cws_service_module style_icon_left image_shape_rounded hover_effect_none align_left mobile_align_center'><div class=\"service_background color_type_simple\"><\/div><div class='service_image_wrapper'><img src='https:\/\/www.zrinski.hr\/wp-content\/uploads\/2021\/01\/ico5.png' alt='' \/><\/div><div class=\"service_content_wrapper\"><h5 class=\"service_title color_type_simple\"><span class=\"service_title_text\">KLAMMERHEFTUNG<\/span><\/h5><\/div><\/a><a href='https:\/\/www.zrinski.hr\/de\/skolski_program\/' id='cws_service_69e0dbe60a61c' class='cws_service_module style_icon_left image_shape_rounded hover_effect_none align_left mobile_align_center'><div class=\"service_background color_type_simple\"><\/div><div class='service_image_wrapper'><img src='https:\/\/www.zrinski.hr\/wp-content\/uploads\/2021\/01\/ico6.png' alt='' \/><\/div><div class=\"service_content_wrapper\"><h5 class=\"service_title color_type_simple\"><span class=\"service_title_text\">SCHULPROGRAMM<\/span><\/h5><\/div><\/a><a href='https:\/\/www.zrinski.hr\/de\/owire\/' id='cws_service_69e0dbe60ae54' class='cws_service_module style_icon_left image_shape_rounded hover_effect_none align_left mobile_align_center'><div class=\"service_background color_type_simple\"><\/div><div class='service_image_wrapper'><img src='https:\/\/www.zrinski.hr\/wp-content\/uploads\/2013\/06\/ico8.svg' alt='' \/><\/div><div class=\"service_content_wrapper\"><h5 class=\"service_title color_type_simple\"><span class=\"service_title_text\">SPIRALBINDUNG<\/span><\/h5><\/div><\/a><\/div><\/div><\/div><\/div><\/div><\/div><\/div><\/div><\/div><\/div><\/div><\/div>\n<\/section>","protected":false},"excerpt":{"rendered":"Tisak koji ostavlja utisak.Tiskara Zrinski TVRDI UVEZ - KNJIGEMEKI UVEZ - BRO\u0160UREINTEGRALNI UVEZKLAMANJE \u017dICOM\u0160KOLSKI PROGRAMSPIRALNI UVEZ - O WIRE","protected":false},"author":1,"featured_media":0,"parent":0,"menu_order":0,"comment_status":"closed","ping_status":"closed","template":"","meta":{"footnotes":""},"class_list":["post-619","page","type-page","status-publish","hentry"],"_links":{"self":[{"href":"https:\/\/www.zrinski.hr\/de\/wp-json\/wp\/v2\/pages\/619","targetHints":{"allow":["GET"]}}],"collection":[{"href":"https:\/\/www.zrinski.hr\/de\/wp-json\/wp\/v2\/pages"}],"about":[{"href":"https:\/\/www.zrinski.hr\/de\/wp-json\/wp\/v2\/types\/page"}],"author":[{"embeddable":true,"href":"https:\/\/www.zrinski.hr\/de\/wp-json\/wp\/v2\/users\/1"}],"replies":[{"embeddable":true,"href":"https:\/\/www.zrinski.hr\/de\/wp-json\/wp\/v2\/comments?post=619"}],"version-history":[{"count":135,"href":"https:\/\/www.zrinski.hr\/de\/wp-json\/wp\/v2\/pages\/619\/revisions"}],"predecessor-version":[{"id":3345,"href":"https:\/\/www.zrinski.hr\/de\/wp-json\/wp\/v2\/pages\/619\/revisions\/3345"}],"wp:attachment":[{"href":"https:\/\/www.zrinski.hr\/de\/wp-json\/wp\/v2\/media?parent=619"}],"curies":[{"name":"wp","href":"https:\/\/api.w.org\/{rel}","templated":true}]}}