{"id":3322,"date":"2023-09-19T12:56:12","date_gmt":"2023-09-19T11:56:12","guid":{"rendered":"https:\/\/www.zrinski.hr\/?page_id=3322"},"modified":"2023-09-19T13:17:06","modified_gmt":"2023-09-19T12:17:06","slug":"obavijesti","status":"publish","type":"page","link":"https:\/\/www.zrinski.hr\/de\/obavijesti\/","title":{"rendered":"Obavijesti"},"content":{"rendered":"<section class=\"wpb-content-wrapper\"><div id=\"cws_content_69e0f41173775\" class=\"cws_content_69e0f41173775 cws-content background_no_hover\" ><div class=\"vc_row wpb_row vc_row-fluid\"><div class=\"row_hover_effect\"><\/div><div id='cws_column_69e0f41173c67' class='cws_column_wrapper vc_col-sm-12'><div class=\"wpb_column vc_column_container vc_col-sm-12\"><div class=\"vc_column-inner\"><div class=\"wpb_wrapper\"><div id='cws_blog_69e0f4117419e' class='cws_blog_module_wrapper'><div class=\"blog layout_large\"><div class=\"content_inner\" data-columns=\"large\">\t\t\t\t\t\t<div id=\"post-3346\" class=\"post post-3346 type-post status-publish format-standard has-post-thumbnail hentry category-uncategorized\">\n\t\t\t\t\t\t\t<div class=\"post-inner\">\n\t\t\t\t\t\t\t\t\t\t\t\t\t\t\t\t\t<div class=\"post-media-wrapper\">\n\t\t\t\t\t\t\t\t\t\t<!-- Featured Media -->\n\t\t\t\t\t\t\t\t\t\t<div class=\"post-media format\"><a class=\"featured-image\" href=\"https:\/\/www.zrinski.hr\/de\/tiskarski-stroj-heidelberg\/\" target=\"_self\"><img loading=\"lazy\" decoding=\"async\" width=\"1340\" height=\"1000\" src=\"https:\/\/www.zrinski.hr\/wp-content\/uploads\/2013\/06\/stroj_skatle.jpg\" class=\"attachment-full size-full wp-post-image\" alt=\"Od sada za vas izra\u0111ujemo i kutije po narud\u017ebi!\" sizes=\"auto, 100vw\" srcset=\"https:\/\/www.zrinski.hr\/wp-content\/uploads\/2013\/06\/stroj_skatle.jpg 1340w, https:\/\/www.zrinski.hr\/wp-content\/uploads\/2013\/06\/stroj_skatle-600x448.jpg 600w, https:\/\/www.zrinski.hr\/wp-content\/uploads\/2013\/06\/stroj_skatle-300x224.jpg 300w, https:\/\/www.zrinski.hr\/wp-content\/uploads\/2013\/06\/stroj_skatle-1024x764.jpg 1024w, https:\/\/www.zrinski.hr\/wp-content\/uploads\/2013\/06\/stroj_skatle-16x12.jpg 16w\" \/><\/a><\/div>\t\t\t\t\t\t\t\t\t<\/div>\n\t\t\t\t\t\t\t\t\t\t\t\t\t\t\t\t\n\t\t\t\t\t\t\t\t<div class='post-information'>\n                                                                        \n                                    <!-- Post Tags -->\n                                                                        \n                                    <!-- Post Title -->\n                                    \r\n\t<h4 class=\"post-title\">\r\n\t\t<a href=\"https:\/\/www.zrinski.hr\/de\/tiskarski-stroj-heidelberg\/\" rel=\"bookmark\">\r\n\t\t\tOd sada za vas izra\u0111ujemo i kutije po narud\u017ebi!\t\t<\/a>\r\n\t<\/h4>\r\n\r\n\t                                    \n                                                                            <div class=\"post-divider\">\n                                            <div class=\"post-divider-inner\"><\/div>\n                                        <\/div>\n                                                                        \n                                    <!-- Post Content -->\n                                                                            <!-- Post Content -->\n                                        <div class=\"post-content\">\n                                            Krajem kolovoza obradovala nas je nova akvizicija &#8211; stigao nam je AUTOBOX stroj &#8211; stroj za izradu ambala\u017enih kutija! Tako na\u0161im kupcima nudimo potpuno personaliziranu izradu kutija od valovitog kartona, 3 ili 5 slojeva.\n...                                        <\/div>\n                                                                        \n                                    <!-- Post Categories -->\n                                                                        \n                                    <!-- Post Read More Button -->\n                                    <div class=\"blog-readmore-wrap\"><a class=\"blog-readmore cws_button arrow_fade_in shadow\" href=\"https:\/\/www.zrinski.hr\/de\/tiskarski-stroj-heidelberg\/\" target=\"_self\"><span>Mehr<\/span><\/a><\/div>                                \n                                                                    <!-- Post Footer -->\n                                    <div class=\"post-footer\">\n                                        <div class=\"meta-item post-author\"><a href=\"https:\/\/www.zrinski.hr\/de\/author\/kreativnapika\/\" title=\"Beitr\u00e4ge von KreativnaPika\" rel=\"author\">KreativnaPika<\/a><\/div><div class=\"meta-item post-date\"><a href=\"https:\/\/www.zrinski.hr\/de\/2023\/09\/23\/\">23\/09\/2023<\/a><\/div><div class=\"meta-item comments_count\"><a href=\"https:\/\/www.zrinski.hr\/de\/tiskarski-stroj-heidelberg\/#comments\">0<\/a><\/div>                                    <\/div>\n                                    \n\t\t\t\t\t\t\t\t<\/div>\n\t\t\t\t\t\t\t<\/div>\n\t\t\t\t\t\t<\/div>\n\t\t\t\t\t\t\t\t\t\t\t<div id=\"post-3320\" class=\"post post-3320 type-post status-publish format-standard has-post-thumbnail hentry category-uncategorized\">\n\t\t\t\t\t\t\t<div class=\"post-inner\">\n\t\t\t\t\t\t\t\t\t\t\t\t\t\t\t\t\t<div class=\"post-media-wrapper\">\n\t\t\t\t\t\t\t\t\t\t<!-- Featured Media -->\n\t\t\t\t\t\t\t\t\t\t<div class=\"post-media format\"><a class=\"featured-image\" href=\"https:\/\/www.zrinski.hr\/de\/xy\/\" target=\"_self\"><img loading=\"lazy\" decoding=\"async\" width=\"1340\" height=\"1000\" src=\"https:\/\/www.zrinski.hr\/wp-content\/uploads\/2023\/09\/stroj_heidelberg.jpg\" class=\"attachment-full size-full wp-post-image\" alt=\"Tiskarski stroj Heidelberg\" sizes=\"auto, 100vw\" srcset=\"https:\/\/www.zrinski.hr\/wp-content\/uploads\/2023\/09\/stroj_heidelberg.jpg 1340w, https:\/\/www.zrinski.hr\/wp-content\/uploads\/2023\/09\/stroj_heidelberg-600x448.jpg 600w, https:\/\/www.zrinski.hr\/wp-content\/uploads\/2023\/09\/stroj_heidelberg-300x224.jpg 300w, https:\/\/www.zrinski.hr\/wp-content\/uploads\/2023\/09\/stroj_heidelberg-1024x764.jpg 1024w, https:\/\/www.zrinski.hr\/wp-content\/uploads\/2023\/09\/stroj_heidelberg-16x12.jpg 16w\" \/><\/a><\/div>\t\t\t\t\t\t\t\t\t<\/div>\n\t\t\t\t\t\t\t\t\t\t\t\t\t\t\t\t\n\t\t\t\t\t\t\t\t<div class='post-information'>\n                                                                        \n                                    <!-- Post Tags -->\n                                                                        \n                                    <!-- Post Title -->\n                                    \r\n\t<h4 class=\"post-title\">\r\n\t\t<a href=\"https:\/\/www.zrinski.hr\/de\/xy\/\" rel=\"bookmark\">\r\n\t\t\tTiskarski stroj Heidelberg\t\t<\/a>\r\n\t<\/h4>\r\n\r\n\t                                    \n                                                                            <div class=\"post-divider\">\n                                            <div class=\"post-divider-inner\"><\/div>\n                                        <\/div>\n                                                                        \n                                    <!-- Post Content -->\n                                                                            <!-- Post Content -->\n                                        <div class=\"post-content\">\n                                            Sa ponosom objavljujemo da u na\u0161oj tiskari kona\u010dno imamo dugoo\u010dekivanog \u010dlana &#8211; tiskarski stroj Heidelberg! Kad je ovo vi\u0161etonsko \u010dudo tehnike stiglo u dvori\u0161te, do\u010dekali smo ga ra\u0161irenih ruku i divljenja kakvog se ne bi posra...                                        <\/div>\n                                                                        \n                                    <!-- Post Categories -->\n                                                                        \n                                    <!-- Post Read More Button -->\n                                    <div class=\"blog-readmore-wrap\"><a class=\"blog-readmore cws_button arrow_fade_in shadow\" href=\"https:\/\/www.zrinski.hr\/de\/xy\/\" target=\"_self\"><span>Mehr<\/span><\/a><\/div>                                \n                                                                    <!-- Post Footer -->\n                                    <div class=\"post-footer\">\n                                        <div class=\"meta-item post-author\"><a href=\"https:\/\/www.zrinski.hr\/de\/author\/kreativnapika\/\" title=\"Beitr\u00e4ge von KreativnaPika\" rel=\"author\">KreativnaPika<\/a><\/div><div class=\"meta-item post-date\"><a href=\"https:\/\/www.zrinski.hr\/de\/2023\/09\/19\/\">19\/09\/2023<\/a><\/div><div class=\"meta-item comments_count\"><a href=\"https:\/\/www.zrinski.hr\/de\/xy\/#comments\">0<\/a><\/div>                                    <\/div>\n                                    \n\t\t\t\t\t\t\t\t<\/div>\n\t\t\t\t\t\t\t<\/div>\n\t\t\t\t\t\t<\/div>\n\t\t\t\t\t<\/div><\/div><\/div><\/div><\/div><\/div><\/div><\/div><\/div>\n<\/section>","protected":false},"excerpt":{"rendered":"Sa ponosom objavljujemo da u na\u0161oj tiskari kona\u010dno imamo dugoo\u010dekivanog \u010dlana - tiskarski stroj Heidelberg! Kad je ovo vi\u0161etonsko \u010dudo tehnike stiglo u dvori\u0161te, do\u010dekali smo ga ra\u0161irenih ruku i divljenja kakvog se ne bi posramili ni najve\u0107i umjetnici. Osje\u0107aj kada stojite pored ove prekrasne ma\u0161ine je jednostavno nevjerojatan. Slijede\u0107i viziju i suo\u010davaju\u0107i se s [...]","protected":false},"author":1,"featured_media":0,"parent":0,"menu_order":0,"comment_status":"closed","ping_status":"closed","template":"","meta":{"footnotes":""},"class_list":["post-3322","page","type-page","status-publish","hentry"],"_links":{"self":[{"href":"https:\/\/www.zrinski.hr\/de\/wp-json\/wp\/v2\/pages\/3322","targetHints":{"allow":["GET"]}}],"collection":[{"href":"https:\/\/www.zrinski.hr\/de\/wp-json\/wp\/v2\/pages"}],"about":[{"href":"https:\/\/www.zrinski.hr\/de\/wp-json\/wp\/v2\/types\/page"}],"author":[{"embeddable":true,"href":"https:\/\/www.zrinski.hr\/de\/wp-json\/wp\/v2\/users\/1"}],"replies":[{"embeddable":true,"href":"https:\/\/www.zrinski.hr\/de\/wp-json\/wp\/v2\/comments?post=3322"}],"version-history":[{"count":1,"href":"https:\/\/www.zrinski.hr\/de\/wp-json\/wp\/v2\/pages\/3322\/revisions"}],"predecessor-version":[{"id":3323,"href":"https:\/\/www.zrinski.hr\/de\/wp-json\/wp\/v2\/pages\/3322\/revisions\/3323"}],"wp:attachment":[{"href":"https:\/\/www.zrinski.hr\/de\/wp-json\/wp\/v2\/media?parent=3322"}],"curies":[{"name":"wp","href":"https:\/\/api.w.org\/{rel}","templated":true}]}}