{"id":2695,"date":"2022-12-12T15:35:56","date_gmt":"2022-12-12T14:35:56","guid":{"rendered":"https:\/\/www.zrinski.hr\/?page_id=2695"},"modified":"2023-03-24T10:38:38","modified_gmt":"2023-03-24T09:38:38","slug":"o-nama","status":"publish","type":"page","link":"https:\/\/www.zrinski.hr\/de\/o-nama\/","title":{"rendered":"O nama"},"content":{"rendered":"<section class=\"wpb-content-wrapper\"><div id=\"cws_content_69e0f42bd4c1e\" class=\"cws_content_69e0f42bd4c1e cws-content background_no_hover\" ><div class=\"vc_row wpb_row vc_row-fluid vc_custom_1676986635330 vc_row-has-fill vc_row-o-equal-height vc_row-o-content-middle vc_row-flex\"><div class=\"row_hover_effect\"><\/div><div id='cws_column_69e0f42bd5207' class='cws_column_wrapper vc_col-sm-6'><div class=\"wpb_column vc_column_container vc_col-sm-6\"><div class=\"vc_column-inner\"><div class=\"wpb_wrapper\"><div class='cws_textmodule_69e0f42bd57a5 cws_textmodule'><h3 class='cws_textmodule_title'><span class='cws_textmodule_title_text title_color_simple'>Ausstattung<\/span><\/h3><div class='cws_textmodule_content'><p>Unser Maschinenpark besteht aus:<\/p>\n<\/div><\/div><div id='cws_inner_row_69e0f42bd5ccc' class='cws_inner_row_wrapper'><div class=\"vc_row wpb_row vc_inner vc_row-fluid\"><div id='cws_column_69e0f42bd5f43' class='cws_column_wrapper vc_col-sm-6'><div class=\"wpb_column vc_column_container vc_col-sm-6\"><div class=\"vc_column-inner\"><div class=\"wpb_wrapper\">\n\t<div class=\"wpb_text_column wpb_content_element\" >\n\t\t<div class=\"wpb_wrapper\">\n\t\t\t<ul>\n<li style=\"font-weight: 400;\">1 x XL 105\/8<\/li>\n<li style=\"font-weight: 400;\">3 x SM 102\/8 PS<\/li>\n<li style=\"font-weight: 400;\">1 x SM 52\/5 PH<\/li>\n<li style=\"font-weight: 400;\">2 x PLASTIFIZIERUNGSMASCHINE<\/li>\n<li style=\"font-weight: 400;\">CTP (3 x B1)<\/li>\n<li style=\"font-weight: 400;\">FALZMASCHINE (9 x B1 FORMAT, 2 x B3 FORMAT)<\/li>\n<li style=\"font-weight: 400;\">5 x SCHNEIDEMASCHINE<\/li>\n<li style=\"font-weight: 400;\">4 x ZYLINDER (AUSSCHNEIDEN, BIEGEN, FOLIENDRUCK, BLINDDRUCK)<\/li>\n<\/ul>\n\n\t\t<\/div>\n\t<\/div>\n<\/div><\/div><\/div><\/div><div id='cws_column_69e0f42bd6315' class='cws_column_wrapper vc_col-sm-6'><div class=\"wpb_column vc_column_container vc_col-sm-6\"><div class=\"vc_column-inner\"><div class=\"wpb_wrapper\">\n\t<div class=\"wpb_text_column wpb_content_element\" >\n\t\t<div class=\"wpb_wrapper\">\n\t\t\t<ul>\n<li>2 x SATTELHEFTUNG<\/li>\n<li>2 x WEICHE EINBAND LINIE<\/li>\n<li>1 x FESTER EINBAND LINIE<\/li>\n<li>2 x SPIRALBINDUNG LINIE<\/li>\n<li>2 x BUCHUMSCHL\u00c4GE MASCHINE<\/li>\n<li>3 x SCHRUMPFVERPACKUNG (PVC)<\/li>\n<li>3 x N\u00c4HMASCHINE<\/li>\n<li>1 x SCHUTZUMSCHLAG MASCHIN<\/li>\n<\/ul>\n\n\t\t<\/div>\n\t<\/div>\n<\/div><\/div><\/div><\/div><\/div><\/div><\/div><\/div><\/div><\/div><div class=\"row_hover_effect\"><\/div><div id='cws_column_69e0f42bd6611' class='cws_column_wrapper vc_col-sm-6'><div class=\"wpb_column vc_column_container vc_col-sm-6\"><div class=\"vc_column-inner\"><div class=\"wpb_wrapper\">\n\t<div  class=\"wpb_single_image wpb_content_element vc_align_left  vc_custom_1679650419854\">\n\t\t\n\t\t<figure class=\"wpb_wrapper vc_figure\">\n\t\t\t<div class=\"vc_single_image-wrapper vc_box_rounded  vc_box_border_grey\"><img loading=\"lazy\" decoding=\"async\" width=\"1024\" height=\"672\" src=\"https:\/\/www.zrinski.hr\/wp-content\/uploads\/2023\/02\/OPREMA-SLIKA-1024x672.jpg\" class=\"vc_single_image-img attachment-large\" alt=\"\" title=\"OPREMA-SLIKA\" srcset=\"https:\/\/www.zrinski.hr\/wp-content\/uploads\/2023\/02\/OPREMA-SLIKA-1024x672.jpg 1024w, https:\/\/www.zrinski.hr\/wp-content\/uploads\/2023\/02\/OPREMA-SLIKA-300x197.jpg 300w, https:\/\/www.zrinski.hr\/wp-content\/uploads\/2023\/02\/OPREMA-SLIKA-600x394.jpg 600w, https:\/\/www.zrinski.hr\/wp-content\/uploads\/2023\/02\/OPREMA-SLIKA-1536x1009.jpg 1536w, https:\/\/www.zrinski.hr\/wp-content\/uploads\/2023\/02\/OPREMA-SLIKA-2048x1345.jpg 2048w, https:\/\/www.zrinski.hr\/wp-content\/uploads\/2023\/02\/OPREMA-SLIKA-18x12.jpg 18w\" sizes=\"auto, (max-width: 1024px) 100vw, 1024px\" \/><\/div>\n\t\t<\/figure>\n\t<\/div>\n<\/div><\/div><\/div><\/div><\/div><\/div><div id=\"cws_content_69e0f42bd734e\" class=\"cws_content_69e0f42bd734e cws-content background_no_hover\" ><div class=\"vc_row wpb_row vc_row-fluid vc_custom_1676986705494 vc_row-has-fill vc_row-o-full-height vc_row-o-equal-height vc_row-o-content-middle vc_row-flex\"><div class=\"row_hover_effect\"><\/div><div id='cws_column_69e0f42bd75e4' class='cws_column_wrapper vc_col-sm-6'><div class=\"wpb_column vc_column_container vc_col-sm-6 vc_col-has-fill\"><div class=\"vc_column-inner vc_custom_1676128807807\"><div class=\"wpb_wrapper\">\n\t<div  class=\"wpb_single_image wpb_content_element vc_align_left\">\n\t\t\n\t\t<figure class=\"wpb_wrapper vc_figure\">\n\t\t\t<div class=\"vc_single_image-wrapper vc_box_rounded  vc_box_border_grey\"><img loading=\"lazy\" decoding=\"async\" width=\"1024\" height=\"683\" src=\"https:\/\/www.zrinski.hr\/wp-content\/uploads\/2023\/02\/GRAFICKA-PRIPREMA-SLIKA-1024x683.jpg\" class=\"vc_single_image-img attachment-large\" alt=\"\" title=\"GRAFI\u010cKA PRIPREMA SLIKA\" srcset=\"https:\/\/www.zrinski.hr\/wp-content\/uploads\/2023\/02\/GRAFICKA-PRIPREMA-SLIKA-1024x683.jpg 1024w, https:\/\/www.zrinski.hr\/wp-content\/uploads\/2023\/02\/GRAFICKA-PRIPREMA-SLIKA-300x200.jpg 300w, https:\/\/www.zrinski.hr\/wp-content\/uploads\/2023\/02\/GRAFICKA-PRIPREMA-SLIKA-600x400.jpg 600w, https:\/\/www.zrinski.hr\/wp-content\/uploads\/2023\/02\/GRAFICKA-PRIPREMA-SLIKA-1536x1024.jpg 1536w, https:\/\/www.zrinski.hr\/wp-content\/uploads\/2023\/02\/GRAFICKA-PRIPREMA-SLIKA-2048x1365.jpg 2048w, https:\/\/www.zrinski.hr\/wp-content\/uploads\/2023\/02\/GRAFICKA-PRIPREMA-SLIKA-18x12.jpg 18w\" sizes=\"auto, (max-width: 1024px) 100vw, 1024px\" \/><\/div>\n\t\t<\/figure>\n\t<\/div>\n<\/div><\/div><\/div><\/div><div class=\"row_hover_effect\"><\/div><div id='cws_column_69e0f42bd7f6f' class='cws_column_wrapper vc_col-sm-6'><div class=\"wpb_column vc_column_container vc_col-sm-6\"><div class=\"vc_column-inner\"><div class=\"wpb_wrapper\"><div class='cws_textmodule_69e0f42bd81b6 cws_textmodule'><h3 class='cws_textmodule_title'><span class='cws_textmodule_title_text title_color_simple'>Vorbereitung f\u00fcr den Druck<\/span><\/h3><div class=\"cws_textmodule_divider\"><div class=\"cws_textmodule_divider_inner\"><\/div><\/div><\/div>\n\t<div class=\"wpb_text_column wpb_content_element\" >\n\t\t<div class=\"wpb_wrapper\">\n\t\t\t<p style=\"font-weight: 400;\">F\u00fcr die Vorbereitung f\u00fcr den Druck verf\u00fcgen wir \u00fcber modernster Maschinenausr\u00fcstung (CTP: 3 x B1) und Software, wie z.B. Equios f\u00fcr Elektromontagen, Grafikprogramm der Adobe Gruppe, Pit Stop und der ausgezeichneter Drucker f\u00fcr den Probedruck.<\/p>\n<p style=\"font-weight: 400;\">F\u00fcr die Erstellung der Druckformen verwenden wir die CTP (computer to plate) Technologie, mit welcher eine Druckform bis zur Gr\u00f6\u00dfe B1 (1000 x 700 mm) ohne Film erstellt wird, was die bestm\u00f6gliche Qualit\u00e4t und Geschwindigkeit gew\u00e4hrleistet. Zudem vermeiden wir verschiedene Fehler bei Herstellung des Films und bei sp\u00e4terer Handmontage.<\/p>\n<p style=\"font-weight: 400;\">Wir sind au\u00dferdem mit Software und CIP 3  Maschinenausr\u00fcstung, die uns Transfer von Daten \u00fcber die Farbeinstellungen aus PDF Dateien auf die Druckmaschinen erm\u00f6glicht, ausgestattet.<\/p>\n\n\t\t<\/div>\n\t<\/div>\n<\/div><\/div><\/div><\/div><\/div><\/div><section class=\"vc_section vc_custom_1676986852192 vc_section-has-fill vc_section-o-content-middle vc_section-flex\"><div id=\"cws_content_69e0f42bd8866\" class=\"cws_content_69e0f42bd8866 cws-content background_no_hover\" ><div class=\"vc_row wpb_row vc_row-fluid vc_row-o-equal-height vc_row-o-content-middle vc_row-flex\"><div class=\"row_hover_effect\"><\/div><div id='cws_column_69e0f42bd8a61' class='cws_column_wrapper vc_col-sm-6'><div class=\"wpb_column vc_column_container vc_col-sm-6\"><div class=\"vc_column-inner\"><div class=\"wpb_wrapper\"><div class='cws_textmodule_69e0f42bd8c97 cws_textmodule'><h3 class='cws_textmodule_title'><span class='cws_textmodule_title_text title_color_simple'>Offset Druck<\/span><\/h3><div class=\"cws_textmodule_divider\"><div class=\"cws_textmodule_divider_inner\"><\/div><\/div><\/div>\n\t<div class=\"wpb_text_column wpb_content_element\" >\n\t\t<div class=\"wpb_wrapper\">\n\t\t\t<p style=\"font-weight: 400;\">Wir drucken mit den mehrfarbigen Heidelberg-Maschinen, was eine Garantie f\u00fcr h\u00f6chste Qualit\u00e4t und Zuverl\u00e4ssigkeit darstellt. Beide Druckmaschinen sind mit einer Wendemaschine ausgestattet, was einen schnellen und hochqualitativen beidseitigen Druck erm\u00f6glicht.<\/p>\n<p style=\"font-weight: 400;\">Wir k\u00f6nnen auf alle Papier- und Kartonsorten drucken, von 60g bis zu 400g.<\/p>\n<p style=\"font-weight: 400;\">Die Maschinen sind mit Software und CIP 3  Maschinenausr\u00fcstung f\u00fcr die \u00dcbernahme von Daten \u00fcber die Farbeinstellungen aus PDF Dateien auf die Druckmaschinen ausgestattet.<\/p>\n\n\t\t<\/div>\n\t<\/div>\n<\/div><\/div><\/div><\/div><div class=\"row_hover_effect\"><\/div><div id='cws_column_69e0f42bd9008' class='cws_column_wrapper vc_col-sm-6'><div class=\"wpb_column vc_column_container vc_col-sm-6\"><div class=\"vc_column-inner\"><div class=\"wpb_wrapper\">\n\t<div  class=\"wpb_single_image wpb_content_element vc_align_left\">\n\t\t\n\t\t<figure class=\"wpb_wrapper vc_figure\">\n\t\t\t<div class=\"vc_single_image-wrapper vc_box_rounded  vc_box_border_grey\"><img loading=\"lazy\" decoding=\"async\" width=\"1024\" height=\"683\" src=\"https:\/\/www.zrinski.hr\/wp-content\/uploads\/2023\/02\/OFFSET-TISAK-SLIKA-1024x683.jpg\" class=\"vc_single_image-img attachment-large\" alt=\"\" title=\"OFFSET TISAK SLIKA\" srcset=\"https:\/\/www.zrinski.hr\/wp-content\/uploads\/2023\/02\/OFFSET-TISAK-SLIKA-1024x683.jpg 1024w, https:\/\/www.zrinski.hr\/wp-content\/uploads\/2023\/02\/OFFSET-TISAK-SLIKA-300x200.jpg 300w, https:\/\/www.zrinski.hr\/wp-content\/uploads\/2023\/02\/OFFSET-TISAK-SLIKA-600x400.jpg 600w, https:\/\/www.zrinski.hr\/wp-content\/uploads\/2023\/02\/OFFSET-TISAK-SLIKA-1536x1024.jpg 1536w, https:\/\/www.zrinski.hr\/wp-content\/uploads\/2023\/02\/OFFSET-TISAK-SLIKA-2048x1365.jpg 2048w, https:\/\/www.zrinski.hr\/wp-content\/uploads\/2023\/02\/OFFSET-TISAK-SLIKA-18x12.jpg 18w\" sizes=\"auto, (max-width: 1024px) 100vw, 1024px\" \/><\/div>\n\t\t<\/figure>\n\t<\/div>\n<\/div><\/div><\/div><\/div><\/div><\/div><\/section><section class=\"vc_section vc_custom_1676128760720 vc_section-has-fill\"><div id=\"cws_content_69e0f42bd9d99\" class=\"cws_content_69e0f42bd9d99 cws-content background_no_hover\" ><div class=\"vc_row wpb_row vc_row-fluid vc_row-o-equal-height vc_row-o-content-middle vc_row-flex\"><div class=\"row_hover_effect\"><\/div><div id='cws_column_69e0f42bd9f90' class='cws_column_wrapper vc_col-sm-6'><div class=\"wpb_column vc_column_container vc_col-sm-6\"><div class=\"vc_column-inner\"><div class=\"wpb_wrapper\">\n\t<div  class=\"wpb_single_image wpb_content_element vc_align_left\">\n\t\t\n\t\t<figure class=\"wpb_wrapper vc_figure\">\n\t\t\t<div class=\"vc_single_image-wrapper vc_box_rounded  vc_box_border_grey\"><img loading=\"lazy\" decoding=\"async\" width=\"1024\" height=\"683\" src=\"https:\/\/www.zrinski.hr\/wp-content\/uploads\/2023\/02\/DORADA-SLIKA-1024x683.jpg\" class=\"vc_single_image-img attachment-large\" alt=\"\" title=\"DORADA SLIKA\" srcset=\"https:\/\/www.zrinski.hr\/wp-content\/uploads\/2023\/02\/DORADA-SLIKA-1024x683.jpg 1024w, https:\/\/www.zrinski.hr\/wp-content\/uploads\/2023\/02\/DORADA-SLIKA-300x200.jpg 300w, https:\/\/www.zrinski.hr\/wp-content\/uploads\/2023\/02\/DORADA-SLIKA-600x400.jpg 600w, https:\/\/www.zrinski.hr\/wp-content\/uploads\/2023\/02\/DORADA-SLIKA-1536x1024.jpg 1536w, https:\/\/www.zrinski.hr\/wp-content\/uploads\/2023\/02\/DORADA-SLIKA-2048x1365.jpg 2048w, https:\/\/www.zrinski.hr\/wp-content\/uploads\/2023\/02\/DORADA-SLIKA-18x12.jpg 18w\" sizes=\"auto, (max-width: 1024px) 100vw, 1024px\" \/><\/div>\n\t\t<\/figure>\n\t<\/div>\n<\/div><\/div><\/div><\/div><div class=\"row_hover_effect\"><\/div><div id='cws_column_69e0f42bda972' class='cws_column_wrapper vc_col-sm-6'><div class=\"wpb_column vc_column_container vc_col-sm-6\"><div class=\"vc_column-inner\"><div class=\"wpb_wrapper\"><div class='cws_textmodule_69e0f42bdab7f cws_textmodule'><h3 class='cws_textmodule_title'><span class='cws_textmodule_title_text title_color_simple'>Bearbeitung<\/span><\/h3><\/div><div id='cws_inner_row_69e0f42bdad63' class='cws_inner_row_wrapper'><div class=\"vc_row wpb_row vc_inner vc_row-fluid\"><div id='cws_column_69e0f42bdaeb9' class='cws_column_wrapper vc_col-sm-6'><div class=\"wpb_column vc_column_container vc_col-sm-6\"><div class=\"vc_column-inner\"><div class=\"wpb_wrapper\">\n\t<div class=\"wpb_text_column wpb_content_element\" >\n\t\t<div class=\"wpb_wrapper\">\n\t\t\t<div><span lang=\"SL\">Die Veredelung ist ein Prozess, der an jedem bedruckten Material nach dem Druck selbst durchgef\u00fchrt wird. Nach dem Trocknen der Farbe, das h\u00e4ngt von der Art der Farbe, dem Papier und der Auftragsmethode ab, werden die bedruckten B\u00f6gen mit Veredelungsprozessen so behandelt, dass sie f\u00fcr die Verwendung geeignet sind, egal um welches grafische Produkt es sich handelt; es h\u00e4ngt von Ihrem Wunsch, Mittel und Zweck des Projekts ab. <\/span><\/div>\n\n\t\t<\/div>\n\t<\/div>\n<\/div><\/div><\/div><\/div><div id='cws_column_69e0f42bdb17b' class='cws_column_wrapper vc_col-sm-6'><div class=\"wpb_column vc_column_container vc_col-sm-6\"><div class=\"vc_column-inner\"><div class=\"wpb_wrapper\">\n\t<div class=\"wpb_text_column wpb_content_element\" >\n\t\t<div class=\"wpb_wrapper\">\n\t\t\t<div><span lang=\"SL\">Da wir \u00fcber eine eigene Buchbinderei verf\u00fcgen, binden wir das Endprodukt zun\u00e4chst f\u00fcr Sie und veredeln es sp\u00e4ter mit speziellen Techniken wie UV-Lackierung, Foliendruck, Blinddruck etc. Auch das manuelle Buchbinden ist uns nicht fremd, was Sie unter der Rubrik \u201eHandarbeit\u201c einsehen k\u00f6nnen.<\/span><\/div>\n\n\t\t<\/div>\n\t<\/div>\n<\/div><\/div><\/div><\/div><\/div><\/div><\/div><\/div><\/div><\/div><\/div><\/div><\/section><div id=\"cws_content_69e0f42bdb4a2\" class=\"cws_content_69e0f42bdb4a2 cws-content background_no_hover\" ><div class=\"vc_row wpb_row vc_row-fluid\"><div class=\"row_hover_effect\"><\/div><div id='cws_column_69e0f42bdb6e6' class='cws_column_wrapper vc_col-sm-12'><div class=\"wpb_column vc_column_container vc_col-sm-12\"><div class=\"vc_column-inner\"><div class=\"wpb_wrapper\"><div class=\"vc_empty_space\"   style=\"height: 96px\"><span class=\"vc_empty_space_inner\"><\/span><\/div><div class='cws_gallery_69e0f42bdbab7 cws_gallery_wrapper'><div class='cws_gallery_images columns_3 masonry magnific'><a href=\"https:\/\/www.zrinski.hr\/wp-content\/uploads\/2022\/12\/Zrinski-galerija0-copy.jpg\" class='cws_gallery_image'><img src='https:\/\/www.zrinski.hr\/wp-content\/uploads\/2022\/12\/Zrinski-galerija0-copy.jpg' alt='' \/><div class='cws_gallery_overlay'><span class='icon_wrapper'><\/span><\/div><\/a><a href=\"https:\/\/www.zrinski.hr\/wp-content\/uploads\/2022\/12\/Zrinski-galerija1-copy.jpg\" class='cws_gallery_image'><img src='https:\/\/www.zrinski.hr\/wp-content\/uploads\/2022\/12\/Zrinski-galerija1-copy.jpg' alt='' \/><div class='cws_gallery_overlay'><span class='icon_wrapper'><\/span><\/div><\/a><a href=\"https:\/\/www.zrinski.hr\/wp-content\/uploads\/2022\/12\/Zrinski-galerija2-copy.jpg\" class='cws_gallery_image'><img src='https:\/\/www.zrinski.hr\/wp-content\/uploads\/2022\/12\/Zrinski-galerija2-copy.jpg' alt='' \/><div class='cws_gallery_overlay'><span class='icon_wrapper'><\/span><\/div><\/a><a href=\"https:\/\/www.zrinski.hr\/wp-content\/uploads\/2022\/12\/Zrinski-galerija3-copy.jpg\" class='cws_gallery_image'><img src='https:\/\/www.zrinski.hr\/wp-content\/uploads\/2022\/12\/Zrinski-galerija3-copy.jpg' alt='' \/><div class='cws_gallery_overlay'><span class='icon_wrapper'><\/span><\/div><\/a><a href=\"https:\/\/www.zrinski.hr\/wp-content\/uploads\/2022\/12\/Zrinski-galerija4-copy.jpg\" class='cws_gallery_image'><img src='https:\/\/www.zrinski.hr\/wp-content\/uploads\/2022\/12\/Zrinski-galerija4-copy.jpg' alt='' \/><div class='cws_gallery_overlay'><span class='icon_wrapper'><\/span><\/div><\/a><a href=\"https:\/\/www.zrinski.hr\/wp-content\/uploads\/2022\/12\/Zrinski-galerija5-copy.jpg\" class='cws_gallery_image'><img src='https:\/\/www.zrinski.hr\/wp-content\/uploads\/2022\/12\/Zrinski-galerija5-copy.jpg' alt='' \/><div class='cws_gallery_overlay'><span class='icon_wrapper'><\/span><\/div><\/a><a href=\"https:\/\/www.zrinski.hr\/wp-content\/uploads\/2023\/02\/Dodatna-slika-za-splosno-galerijo-scaled.jpg\" class='cws_gallery_image'><img src='https:\/\/www.zrinski.hr\/wp-content\/uploads\/2023\/02\/Dodatna-slika-za-splosno-galerijo-scaled.jpg' alt='' \/><div class='cws_gallery_overlay'><span class='icon_wrapper'><\/span><\/div><\/a><a href=\"https:\/\/www.zrinski.hr\/wp-content\/uploads\/2022\/12\/Zrinski-galerija6-copy.jpg\" class='cws_gallery_image'><img src='https:\/\/www.zrinski.hr\/wp-content\/uploads\/2022\/12\/Zrinski-galerija6-copy.jpg' alt='' \/><div class='cws_gallery_overlay'><span class='icon_wrapper'><\/span><\/div><\/a><a href=\"https:\/\/www.zrinski.hr\/wp-content\/uploads\/2022\/12\/Zrinski-galerija7-copy.jpg\" class='cws_gallery_image'><img src='https:\/\/www.zrinski.hr\/wp-content\/uploads\/2022\/12\/Zrinski-galerija7-copy.jpg' alt='' \/><div class='cws_gallery_overlay'><span class='icon_wrapper'><\/span><\/div><\/a><a href=\"https:\/\/www.zrinski.hr\/wp-content\/uploads\/2022\/12\/Zrinski-galerija8-copy.jpg\" class='cws_gallery_image'><img src='https:\/\/www.zrinski.hr\/wp-content\/uploads\/2022\/12\/Zrinski-galerija8-copy.jpg' alt='' \/><div class='cws_gallery_overlay'><span class='icon_wrapper'><\/span><\/div><\/a><a href=\"https:\/\/www.zrinski.hr\/wp-content\/uploads\/2022\/12\/Zrinski-galerija9-copy.jpg\" class='cws_gallery_image'><img src='https:\/\/www.zrinski.hr\/wp-content\/uploads\/2022\/12\/Zrinski-galerija9-copy.jpg' alt='' \/><div class='cws_gallery_overlay'><span class='icon_wrapper'><\/span><\/div><\/a><a href=\"https:\/\/www.zrinski.hr\/wp-content\/uploads\/2022\/12\/Zrinski-galerija10-copy.jpg\" class='cws_gallery_image'><img src='https:\/\/www.zrinski.hr\/wp-content\/uploads\/2022\/12\/Zrinski-galerija10-copy.jpg' alt='' \/><div class='cws_gallery_overlay'><span class='icon_wrapper'><\/span><\/div><\/a><a href=\"https:\/\/www.zrinski.hr\/wp-content\/uploads\/2022\/12\/Zrinski-galerija11-copy.jpg\" class='cws_gallery_image'><img src='https:\/\/www.zrinski.hr\/wp-content\/uploads\/2022\/12\/Zrinski-galerija11-copy.jpg' alt='' \/><div class='cws_gallery_overlay'><span class='icon_wrapper'><\/span><\/div><\/a><a href=\"https:\/\/www.zrinski.hr\/wp-content\/uploads\/2022\/12\/Zrinski-galerija12-copy.jpg\" class='cws_gallery_image'><img src='https:\/\/www.zrinski.hr\/wp-content\/uploads\/2022\/12\/Zrinski-galerija12-copy.jpg' alt='' \/><div class='cws_gallery_overlay'><span class='icon_wrapper'><\/span><\/div><\/a><a href=\"https:\/\/www.zrinski.hr\/wp-content\/uploads\/2022\/12\/Zrinski-galerija13-copy.jpg\" class='cws_gallery_image'><img src='https:\/\/www.zrinski.hr\/wp-content\/uploads\/2022\/12\/Zrinski-galerija13-copy.jpg' alt='' \/><div class='cws_gallery_overlay'><span class='icon_wrapper'><\/span><\/div><\/a><\/div><\/div><\/div><\/div><\/div><\/div><\/div><\/div>\n<\/section>","protected":false},"excerpt":{"rendered":"OpremaNa\u0161 strojni park sastoji se od: 1 x XL 105\/8 3 x SM 102\/8 PS 1 x SM 52\/5 PH 2 x STROJ ZA PLASTIFIKACIJU CTP (3 x B1) SAVIJANJE (9 x B1 FORMAT, 2 x B3 FORMAT) 5 x STROJ ZA REZANJE 4 x CILINDAR (\u0160TANCANJE, BIGANJE, PERFORIRANJE, FOLIOTISAK, SLIJEPI TISAK) 2 x LINIJA [...]","protected":false},"author":1,"featured_media":0,"parent":0,"menu_order":0,"comment_status":"closed","ping_status":"closed","template":"","meta":{"footnotes":""},"class_list":["post-2695","page","type-page","status-publish","hentry"],"_links":{"self":[{"href":"https:\/\/www.zrinski.hr\/de\/wp-json\/wp\/v2\/pages\/2695","targetHints":{"allow":["GET"]}}],"collection":[{"href":"https:\/\/www.zrinski.hr\/de\/wp-json\/wp\/v2\/pages"}],"about":[{"href":"https:\/\/www.zrinski.hr\/de\/wp-json\/wp\/v2\/types\/page"}],"author":[{"embeddable":true,"href":"https:\/\/www.zrinski.hr\/de\/wp-json\/wp\/v2\/users\/1"}],"replies":[{"embeddable":true,"href":"https:\/\/www.zrinski.hr\/de\/wp-json\/wp\/v2\/comments?post=2695"}],"version-history":[{"count":110,"href":"https:\/\/www.zrinski.hr\/de\/wp-json\/wp\/v2\/pages\/2695\/revisions"}],"predecessor-version":[{"id":3064,"href":"https:\/\/www.zrinski.hr\/de\/wp-json\/wp\/v2\/pages\/2695\/revisions\/3064"}],"wp:attachment":[{"href":"https:\/\/www.zrinski.hr\/de\/wp-json\/wp\/v2\/media?parent=2695"}],"curies":[{"name":"wp","href":"https:\/\/api.w.org\/{rel}","templated":true}]}}