{"id":2332,"date":"2021-03-13T17:12:21","date_gmt":"2021-03-13T16:12:21","guid":{"rendered":"https:\/\/www.zrinski.hr\/?page_id=2332"},"modified":"2023-03-24T10:44:18","modified_gmt":"2023-03-24T09:44:18","slug":"integralni_uvez","status":"publish","type":"page","link":"https:\/\/www.zrinski.hr\/de\/integralni_uvez\/","title":{"rendered":"3 &#8211; Integralni uvez"},"content":{"rendered":"<section class=\"wpb-content-wrapper\"><div id=\"cws_content_69e0f983d4f55\" class=\"cws_content_69e0f983d4f55 cws-content background_no_hover\" ><div data-vc-full-width=\"true\" data-vc-full-width-init=\"false\" class=\"vc_row wpb_row vc_row-fluid vc_custom_1670940285816 vc_row-has-fill\"><div class=\"row_hover_effect\"><\/div><div id='cws_column_69e0f983d5407' class='cws_column_wrapper vc_col-sm-12'><div class=\"wpb_column vc_column_container vc_col-sm-12\"><div class=\"vc_column-inner\"><div class=\"wpb_wrapper\"><div class='cws_textmodule_69e0f983d5840 cws_textmodule'><h3 class='cws_textmodule_title'><span class='cws_textmodule_title_text title_color_gradient'>INTEGRALBINDUNG<\/span><\/h3><\/div><\/div><\/div><\/div><\/div><\/div><div class=\"vc_row-full-width vc_clearfix\"><\/div><\/div><div id=\"cws_content_69e0f983d5b0c\" class=\"cws_content_69e0f983d5b0c cws-content background_no_hover\" ><div class=\"vc_row wpb_row vc_row-fluid vc_custom_1613844822078\"><div class=\"row_hover_effect\"><\/div><div id='cws_column_69e0f983d5d29' class='cws_column_wrapper vc_col-sm-12'><div class=\"wpb_column vc_column_container vc_col-sm-12\"><div class=\"vc_column-inner\"><div class=\"wpb_wrapper\"><div class=\"vc_empty_space\"   style=\"height: 32px\"><span class=\"vc_empty_space_inner\"><\/span><\/div><div class='cws_textmodule_69e0f983d6177 cws_textmodule'><div class='cws_textmodule_content'><p style=\"text-align: center;\">Die Integralbindung wird zwischen die weiche und die feste Bindung eingeordnet.\nDer Buchblock mit der Integralbindung wird gen\u00e4ht und teilt die meisten Fertigungsprozesse mit der festen Bindung, wobei die Integralbindung einen weichen Einband hat.\n\u00c4hnlich wie bei der festen Bindung kann auch an die Integralbindung ein Kapitalband (ein Band, ganz oben am R\u00fccken der festen Bindung) montiert werden; diese Bindungsart  hat auch Verbindungsbl\u00e4tter.\nDie Integralbindung ist dann praktisch, wenn Sie ein Buch erstellen m\u00f6chten, das flexibel, doch ein wenig robuster\/strapazierf\u00e4higer ist als die weiche Bindung.\nF\u00fcr die Integralbindung entscheiden sich die Kunden meistens bei den Reiseb\u00fcchern und den Drucksachen, die im Au\u00dfendienst verwendet werden, oder wenn sie sich mit ihrer Drucksache vom Durchschnitt abheben m\u00f6chten.<\/p>\n\n<\/div><\/div><div class=\"vc_empty_space\"   style=\"height: 32px\"><span class=\"vc_empty_space_inner\"><\/span><\/div><div class='cws_gallery_69e0f983d658f cws_gallery_wrapper'><div class='cws_gallery_images columns_3 masonry magnific'><a href=\"https:\/\/www.zrinski.hr\/wp-content\/uploads\/2021\/04\/DSC_6982-scaled.jpg\" class='cws_gallery_image'><img src='https:\/\/www.zrinski.hr\/wp-content\/uploads\/2021\/04\/DSC_6982-scaled.jpg' alt='' \/><div class='cws_gallery_overlay'><span class='icon_wrapper'><\/span><\/div><\/a><a href=\"https:\/\/www.zrinski.hr\/wp-content\/uploads\/2021\/04\/DSC_6985-scaled.jpg\" class='cws_gallery_image'><img src='https:\/\/www.zrinski.hr\/wp-content\/uploads\/2021\/04\/DSC_6985-scaled.jpg' alt='' \/><div class='cws_gallery_overlay'><span class='icon_wrapper'><\/span><\/div><\/a><a href=\"https:\/\/www.zrinski.hr\/wp-content\/uploads\/2021\/04\/DSC_7010-scaled.jpg\" class='cws_gallery_image'><img src='https:\/\/www.zrinski.hr\/wp-content\/uploads\/2021\/04\/DSC_7010-scaled.jpg' alt='' \/><div class='cws_gallery_overlay'><span class='icon_wrapper'><\/span><\/div><\/a><\/div><\/div><div id='cws_divider_69e0f983d7213' class='cws_divider_wrapper style_gradient'><div class='cws_divider'><\/div><\/div><\/div><\/div><\/div><\/div><\/div><\/div>\n<\/section>","protected":false},"excerpt":{"rendered":"INTEGRALNI UVEZIntegralni uvez se svrstava i pod meki i pod tvrdi uvez knjiga. Knji\u017eni blok se \u0161iva i generalno se sastoji od svih istih faza proizvodnje kao i tvrdi uvez, osim \u0161to integralni uvez ima meke korice. Sli\u010dno kao i kod tvrdog uveza i kod integralnog uveza mo\u017eemo koristiti kapitalnu traku ( ukrasna traka koju [...]","protected":false},"author":1,"featured_media":0,"parent":0,"menu_order":0,"comment_status":"closed","ping_status":"closed","template":"","meta":{"footnotes":""},"class_list":["post-2332","page","type-page","status-publish","hentry"],"_links":{"self":[{"href":"https:\/\/www.zrinski.hr\/de\/wp-json\/wp\/v2\/pages\/2332","targetHints":{"allow":["GET"]}}],"collection":[{"href":"https:\/\/www.zrinski.hr\/de\/wp-json\/wp\/v2\/pages"}],"about":[{"href":"https:\/\/www.zrinski.hr\/de\/wp-json\/wp\/v2\/types\/page"}],"author":[{"embeddable":true,"href":"https:\/\/www.zrinski.hr\/de\/wp-json\/wp\/v2\/users\/1"}],"replies":[{"embeddable":true,"href":"https:\/\/www.zrinski.hr\/de\/wp-json\/wp\/v2\/comments?post=2332"}],"version-history":[{"count":9,"href":"https:\/\/www.zrinski.hr\/de\/wp-json\/wp\/v2\/pages\/2332\/revisions"}],"predecessor-version":[{"id":3065,"href":"https:\/\/www.zrinski.hr\/de\/wp-json\/wp\/v2\/pages\/2332\/revisions\/3065"}],"wp:attachment":[{"href":"https:\/\/www.zrinski.hr\/de\/wp-json\/wp\/v2\/media?parent=2332"}],"curies":[{"name":"wp","href":"https:\/\/api.w.org\/{rel}","templated":true}]}}