{"id":2159,"date":"2021-02-28T10:30:41","date_gmt":"2021-02-28T10:30:41","guid":{"rendered":"https:\/\/www.zrinski.hr\/?page_id=2159"},"modified":"2023-03-24T10:49:28","modified_gmt":"2023-03-24T09:49:28","slug":"owire","status":"publish","type":"page","link":"https:\/\/www.zrinski.hr\/de\/owire\/","title":{"rendered":"4 &#8211; Spiralni uvez &#8211; O wire"},"content":{"rendered":"<section class=\"wpb-content-wrapper\"><div id=\"cws_content_69e0f3fcc4e8f\" class=\"cws_content_69e0f3fcc4e8f cws-content background_no_hover\" ><div data-vc-full-width=\"true\" data-vc-full-width-init=\"false\" class=\"vc_row wpb_row vc_row-fluid vc_custom_1670940285816 vc_row-has-fill\"><div class=\"row_hover_effect\"><\/div><div id='cws_column_69e0f3fcc547c' class='cws_column_wrapper vc_col-sm-12'><div class=\"wpb_column vc_column_container vc_col-sm-12\"><div class=\"vc_column-inner\"><div class=\"wpb_wrapper\"><div class='cws_textmodule_69e0f3fcc58c6 cws_textmodule'><h3 class='cws_textmodule_title'><span class='cws_textmodule_title_text title_color_gradient'>SPIRALBINDUNG<\/span><\/h3><\/div><\/div><\/div><\/div><\/div><\/div><div class=\"vc_row-full-width vc_clearfix\"><\/div><\/div><div id=\"cws_content_69e0f3fcc5bbd\" class=\"cws_content_69e0f3fcc5bbd cws-content background_no_hover\" ><div class=\"vc_row wpb_row vc_row-fluid vc_custom_1613844822078\"><div class=\"row_hover_effect\"><\/div><div id='cws_column_69e0f3fcc5e94' class='cws_column_wrapper vc_col-sm-12'><div class=\"wpb_column vc_column_container vc_col-sm-12\"><div class=\"vc_column-inner\"><div class=\"wpb_wrapper\"><div class=\"vc_empty_space\"   style=\"height: 32px\"><span class=\"vc_empty_space_inner\"><\/span><\/div><div class='cws_textmodule_69e0f3fcc632a cws_textmodule'><div class='cws_textmodule_content'><p style=\"text-align: center;\">F\u00fcr ein Spiralband entscheiden sich die Unternehmen meistens dann, wenn sie ihre Produkte oder Dienstleistungen auf eine praktische und elegante Art vorstellen m\u00f6chten.\nHandlichkeit zeigt sich an verschiedenen Messen oder Sitzungen, wenn man schnell und einfach im Katalog eine bestimmte Seite oder ein bestimmtes Produkt ausklammern m\u00f6chte. Das kann man vielmals machen, ohne dabei die Drucksache zu verletzen; auch kann auf diese Weise ein Blatt schnell und einfach entfernt werden. Der Einband kann fest oder weich sein. Der feste Einband wird aus Pappe und einen zus\u00e4tzlichen Beschichtungsmaterial und der weiche Einband aus einem ein wenig dickeren und meistens beschichteten Papier erstellt.<\/p>\n\n<\/div><\/div><div class=\"vc_empty_space\"   style=\"height: 32px\"><span class=\"vc_empty_space_inner\"><\/span><\/div><div class='cws_gallery_69e0f3fcc678b cws_gallery_wrapper'><div class='cws_gallery_images columns_3 masonry magnific'><a href=\"https:\/\/www.zrinski.hr\/wp-content\/uploads\/2021\/04\/DSC_6764-scaled.jpg\" class='cws_gallery_image'><img src='https:\/\/www.zrinski.hr\/wp-content\/uploads\/2021\/04\/DSC_6764-scaled.jpg' alt='' \/><div class='cws_gallery_overlay'><span class='icon_wrapper'><\/span><\/div><\/a><a href=\"https:\/\/www.zrinski.hr\/wp-content\/uploads\/2021\/04\/DSC_6773-scaled.jpg\" class='cws_gallery_image'><img src='https:\/\/www.zrinski.hr\/wp-content\/uploads\/2021\/04\/DSC_6773-scaled.jpg' alt='' \/><div class='cws_gallery_overlay'><span class='icon_wrapper'><\/span><\/div><\/a><a href=\"https:\/\/www.zrinski.hr\/wp-content\/uploads\/2021\/04\/DSC_6829-scaled.jpg\" class='cws_gallery_image'><img src='https:\/\/www.zrinski.hr\/wp-content\/uploads\/2021\/04\/DSC_6829-scaled.jpg' alt='' \/><div class='cws_gallery_overlay'><span class='icon_wrapper'><\/span><\/div><\/a><a href=\"https:\/\/www.zrinski.hr\/wp-content\/uploads\/2021\/04\/DSC_6851-scaled.jpg\" class='cws_gallery_image'><img src='https:\/\/www.zrinski.hr\/wp-content\/uploads\/2021\/04\/DSC_6851-scaled.jpg' alt='' \/><div class='cws_gallery_overlay'><span class='icon_wrapper'><\/span><\/div><\/a><a href=\"https:\/\/www.zrinski.hr\/wp-content\/uploads\/2021\/04\/DSC_6869-scaled.jpg\" class='cws_gallery_image'><img src='https:\/\/www.zrinski.hr\/wp-content\/uploads\/2021\/04\/DSC_6869-scaled.jpg' alt='' \/><div class='cws_gallery_overlay'><span class='icon_wrapper'><\/span><\/div><\/a><a href=\"https:\/\/www.zrinski.hr\/wp-content\/uploads\/2021\/04\/DSC_6893-scaled.jpg\" class='cws_gallery_image'><img src='https:\/\/www.zrinski.hr\/wp-content\/uploads\/2021\/04\/DSC_6893-scaled.jpg' alt='' \/><div class='cws_gallery_overlay'><span class='icon_wrapper'><\/span><\/div><\/a><a href=\"https:\/\/www.zrinski.hr\/wp-content\/uploads\/2021\/04\/DSC_6906-scaled.jpg\" class='cws_gallery_image'><img src='https:\/\/www.zrinski.hr\/wp-content\/uploads\/2021\/04\/DSC_6906-scaled.jpg' alt='' \/><div class='cws_gallery_overlay'><span class='icon_wrapper'><\/span><\/div><\/a><a href=\"https:\/\/www.zrinski.hr\/wp-content\/uploads\/2021\/04\/DSC_6909-scaled.jpg\" class='cws_gallery_image'><img src='https:\/\/www.zrinski.hr\/wp-content\/uploads\/2021\/04\/DSC_6909-scaled.jpg' alt='' \/><div class='cws_gallery_overlay'><span class='icon_wrapper'><\/span><\/div><\/a><a href=\"https:\/\/www.zrinski.hr\/wp-content\/uploads\/2021\/04\/Format-210x297-mm-scaled.jpg\" class='cws_gallery_image'><img src='https:\/\/www.zrinski.hr\/wp-content\/uploads\/2021\/04\/Format-210x297-mm-scaled.jpg' alt='' \/><div class='cws_gallery_overlay'><span class='icon_wrapper'><\/span><\/div><\/a><\/div><\/div><div id='cws_divider_69e0f3fcc89b2' class='cws_divider_wrapper style_simple'><div class='cws_divider'><\/div><\/div><\/div><\/div><\/div><\/div><\/div><\/div>\n<\/section>","protected":false},"excerpt":{"rendered":"SPIRALNI UVEZ - O WIRESpiralni uvez tvtke naj\u010de\u0161\u0107e koriste u slu\u010daju kada \u017eele predstaviti svoje usluge i proizvode na prakti\u010dan i elegantan na\u010din. Prakti\u010dnost tog uveza dolazi do izra\u017eaja na razli\u010ditim poslovnim sastancima i sajmovima, kada \u017eelimo na brz i jednostavan na\u010din u katalogu prikazati odre\u0111enu stranu ili proizvod : katalog u spiralnom uvezu vrlo [...]","protected":false},"author":1,"featured_media":0,"parent":0,"menu_order":0,"comment_status":"closed","ping_status":"closed","template":"","meta":{"footnotes":""},"class_list":["post-2159","page","type-page","status-publish","hentry"],"_links":{"self":[{"href":"https:\/\/www.zrinski.hr\/de\/wp-json\/wp\/v2\/pages\/2159","targetHints":{"allow":["GET"]}}],"collection":[{"href":"https:\/\/www.zrinski.hr\/de\/wp-json\/wp\/v2\/pages"}],"about":[{"href":"https:\/\/www.zrinski.hr\/de\/wp-json\/wp\/v2\/types\/page"}],"author":[{"embeddable":true,"href":"https:\/\/www.zrinski.hr\/de\/wp-json\/wp\/v2\/users\/1"}],"replies":[{"embeddable":true,"href":"https:\/\/www.zrinski.hr\/de\/wp-json\/wp\/v2\/comments?post=2159"}],"version-history":[{"count":19,"href":"https:\/\/www.zrinski.hr\/de\/wp-json\/wp\/v2\/pages\/2159\/revisions"}],"predecessor-version":[{"id":3066,"href":"https:\/\/www.zrinski.hr\/de\/wp-json\/wp\/v2\/pages\/2159\/revisions\/3066"}],"wp:attachment":[{"href":"https:\/\/www.zrinski.hr\/de\/wp-json\/wp\/v2\/media?parent=2159"}],"curies":[{"name":"wp","href":"https:\/\/api.w.org\/{rel}","templated":true}]}}