{"id":2125,"date":"2021-02-20T20:53:15","date_gmt":"2021-02-20T20:53:15","guid":{"rendered":"https:\/\/www.zrinski.hr\/?page_id=2125"},"modified":"2023-02-21T15:17:50","modified_gmt":"2023-02-21T14:17:50","slug":"tisk-knjig-mehka-vezava-2","status":"publish","type":"page","link":"https:\/\/www.zrinski.hr\/de\/tisk-knjig-mehka-vezava-2\/","title":{"rendered":"2 &#8211; Meki uvez"},"content":{"rendered":"<section class=\"wpb-content-wrapper\"><div id=\"cws_content_69e34cd5ad68f\" class=\"cws_content_69e34cd5ad68f cws-content background_no_hover\" ><div data-vc-full-width=\"true\" data-vc-full-width-init=\"false\" class=\"vc_row wpb_row vc_row-fluid vc_custom_1670940285816 vc_row-has-fill\"><div class=\"row_hover_effect\"><\/div><div id='cws_column_69e34cd5adc1b' class='cws_column_wrapper vc_col-sm-12'><div class=\"wpb_column vc_column_container vc_col-sm-12\"><div class=\"vc_column-inner\"><div class=\"wpb_wrapper\"><div class='cws_textmodule_69e34cd5ae0c1 cws_textmodule'><h3 class='cws_textmodule_title'><span class='cws_textmodule_title_text title_color_gradient'>DRUCK DER B\u00dcCHER MIT WEICHEM EINBAND<\/span><\/h3><\/div><\/div><\/div><\/div><\/div><\/div><div class=\"vc_row-full-width vc_clearfix\"><\/div><\/div><div id=\"cws_content_69e34cd5ae3f6\" class=\"cws_content_69e34cd5ae3f6 cws-content background_no_hover\" ><div class=\"vc_row wpb_row vc_row-fluid vc_custom_1613844822078\"><div class=\"row_hover_effect\"><\/div><div id='cws_column_69e34cd5ae668' class='cws_column_wrapper vc_col-sm-12'><div class=\"wpb_column vc_column_container vc_col-sm-12\"><div class=\"vc_column-inner\"><div class=\"wpb_wrapper\"><div class=\"vc_empty_space\"   style=\"height: 32px\"><span class=\"vc_empty_space_inner\"><\/span><\/div><div class='cws_textmodule_69e34cd5aeab9 cws_textmodule'><div class='cws_textmodule_content'><p style=\"text-align: center;\">Die B\u00fccher mit weichem Einband sind weicher und biegsam; Der Einband ist der selben Gr\u00f6\u00dfe als der Buchblock, weswegen solche B\u00fccher leichter zu tragen und ein wenig praktischer sind. Auch im Falle eines Buches mit weichem Einband bieten wir Ihnen eine bunte Auswahl von Beschichtungsmaterialien, was bedeutet, dass sich das Buch am Ende ihrem Inhalt und ihren W\u00fcnschen im Ganzen anpasst. Die B\u00fccher mit weichem Einband sind bei den Leser der Freizeitliteratur (z.B. Romane) am popul\u00e4rsten, vor allem wegen der g\u00fcnstigen Preisen. Regelm\u00e4\u00dfig werden die auch seitens Werbeunternehmen (Kataloge) benutzt. In Evrografis stellen wir broschierte (klassische), gen\u00e4hte und PUR geklebte, OTA-Bindung und Schweizer Broschur-Bindung.\u00a0<span lang=\"SL\">OTA-Bindung und Schweizer Broschur-Bindung.<\/span><\/p>\n\n<\/div><\/div><div class=\"vc_empty_space\"   style=\"height: 32px\"><span class=\"vc_empty_space_inner\"><\/span><\/div><div class='cws_textmodule_69e34cd5af01a cws_textmodule'><div class='cws_textmodule_content'><h4 style=\"text-align: center;\">PUR Klebebindung<\/h4>\n\n<\/div><\/div><div class=\"vc_empty_space\"   style=\"height: 32px\"><span class=\"vc_empty_space_inner\"><\/span><\/div><div class='cws_gallery_69e34cd5af34b cws_gallery_wrapper'><div class='cws_gallery_images columns_2 masonry magnific'><a href=\"https:\/\/www.zrinski.hr\/wp-content\/uploads\/2021\/04\/DSC_6421-scaled.jpg\" class='cws_gallery_image'><img src='https:\/\/www.zrinski.hr\/wp-content\/uploads\/2021\/04\/DSC_6421-scaled.jpg' alt='' \/><div class='cws_gallery_overlay'><span class='icon_wrapper'><\/span><\/div><\/a><a href=\"https:\/\/www.zrinski.hr\/wp-content\/uploads\/2021\/04\/DSC_6437-scaled.jpg\" class='cws_gallery_image'><img src='https:\/\/www.zrinski.hr\/wp-content\/uploads\/2021\/04\/DSC_6437-scaled.jpg' alt='' \/><div class='cws_gallery_overlay'><span class='icon_wrapper'><\/span><\/div><\/a><\/div><\/div><div id='cws_divider_69e34cd5afe89' class='cws_divider_wrapper style_gradient'><div class='cws_divider'><\/div><\/div><\/div><\/div><\/div><\/div><\/div><\/div><div id=\"cws_content_69e34cd5aff45\" class=\"cws_content_69e34cd5aff45 cws-content background_no_hover\" ><div class=\"vc_row wpb_row vc_row-fluid vc_custom_1613844822078\"><div class=\"row_hover_effect\"><\/div><div id='cws_column_69e34cd5b0180' class='cws_column_wrapper vc_col-sm-12'><div class=\"wpb_column vc_column_container vc_col-sm-12\"><div class=\"vc_column-inner\"><div class=\"wpb_wrapper\"><div class='cws_textmodule_69e34cd5b0361 cws_textmodule'><div class='cws_textmodule_content'><h4 style=\"text-align: center;\">Klebebindung - Hei\u00dfkleber<\/h4>\n\n<\/div><\/div><div class=\"vc_empty_space\"   style=\"height: 32px\"><span class=\"vc_empty_space_inner\"><\/span><\/div><div class='cws_gallery_69e34cd5b06c4 cws_gallery_wrapper'><div class='cws_gallery_images columns_2 masonry magnific'><a href=\"https:\/\/www.zrinski.hr\/wp-content\/uploads\/2021\/04\/DSC_6262-scaled.jpg\" class='cws_gallery_image'><img src='https:\/\/www.zrinski.hr\/wp-content\/uploads\/2021\/04\/DSC_6262-scaled.jpg' alt='' \/><div class='cws_gallery_overlay'><span class='icon_wrapper'><\/span><\/div><\/a><a href=\"https:\/\/www.zrinski.hr\/wp-content\/uploads\/2021\/04\/DSC_6279-scaled.jpg\" class='cws_gallery_image'><img src='https:\/\/www.zrinski.hr\/wp-content\/uploads\/2021\/04\/DSC_6279-scaled.jpg' alt='' \/><div class='cws_gallery_overlay'><span class='icon_wrapper'><\/span><\/div><\/a><\/div><\/div><div id='cws_divider_69e34cd5b0f33' class='cws_divider_wrapper style_gradient'><div class='cws_divider'><\/div><\/div><\/div><\/div><\/div><\/div><\/div><\/div><div id=\"cws_content_69e34cd5b0fef\" class=\"cws_content_69e34cd5b0fef cws-content background_no_hover\" ><div class=\"vc_row wpb_row vc_row-fluid vc_custom_1613844822078\"><div class=\"row_hover_effect\"><\/div><div id='cws_column_69e34cd5b1261' class='cws_column_wrapper vc_col-sm-12'><div class=\"wpb_column vc_column_container vc_col-sm-12\"><div class=\"vc_column-inner\"><div class=\"wpb_wrapper\"><div class='cws_textmodule_69e34cd5b1445 cws_textmodule'><div class='cws_textmodule_content'><h4 style=\"text-align: center;\">Fadenbindung<\/h4>\n\n<\/div><\/div><div class=\"vc_empty_space\"   style=\"height: 32px\"><span class=\"vc_empty_space_inner\"><\/span><\/div><div class='cws_gallery_69e34cd5b1809 cws_gallery_wrapper'><div class='cws_gallery_images columns_2 masonry magnific'><a href=\"https:\/\/www.zrinski.hr\/wp-content\/uploads\/2021\/04\/DSC_6336-scaled.jpg\" class='cws_gallery_image'><img src='https:\/\/www.zrinski.hr\/wp-content\/uploads\/2021\/04\/DSC_6336-scaled.jpg' alt='' \/><div class='cws_gallery_overlay'><span class='icon_wrapper'><\/span><\/div><\/a><a href=\"https:\/\/www.zrinski.hr\/wp-content\/uploads\/2021\/04\/DSC_6339-scaled.jpg\" class='cws_gallery_image'><img src='https:\/\/www.zrinski.hr\/wp-content\/uploads\/2021\/04\/DSC_6339-scaled.jpg' alt='' \/><div class='cws_gallery_overlay'><span class='icon_wrapper'><\/span><\/div><\/a><\/div><\/div><div id='cws_divider_69e34cd5b2088' class='cws_divider_wrapper style_gradient'><div class='cws_divider'><\/div><\/div><\/div><\/div><\/div><\/div><\/div><\/div><div id=\"cws_content_69e34cd5b2150\" class=\"cws_content_69e34cd5b2150 cws-content background_no_hover\" ><div class=\"vc_row wpb_row vc_row-fluid vc_custom_1613844822078\"><div class=\"row_hover_effect\"><\/div><div id='cws_column_69e34cd5b2386' class='cws_column_wrapper vc_col-sm-12'><div class=\"wpb_column vc_column_container vc_col-sm-12\"><div class=\"vc_column-inner\"><div class=\"wpb_wrapper\"><div class='cws_textmodule_69e34cd5b25c4 cws_textmodule'><div class='cws_textmodule_content'><h4 style=\"text-align: center;\">Klebebindung mit Klappen<\/h4>\n\n<\/div><\/div><div class=\"vc_empty_space\"   style=\"height: 32px\"><span class=\"vc_empty_space_inner\"><\/span><\/div><div class='cws_gallery_69e34cd5b29ec cws_gallery_wrapper'><div class='cws_gallery_images columns_2 masonry magnific'><a href=\"https:\/\/www.zrinski.hr\/wp-content\/uploads\/2021\/04\/DSC_6722-scaled.jpg\" class='cws_gallery_image'><img src='https:\/\/www.zrinski.hr\/wp-content\/uploads\/2021\/04\/DSC_6722-scaled.jpg' alt='' \/><div class='cws_gallery_overlay'><span class='icon_wrapper'><\/span><\/div><\/a><a href=\"https:\/\/www.zrinski.hr\/wp-content\/uploads\/2021\/04\/DSC_6752-scaled.jpg\" class='cws_gallery_image'><img src='https:\/\/www.zrinski.hr\/wp-content\/uploads\/2021\/04\/DSC_6752-scaled.jpg' alt='' \/><div class='cws_gallery_overlay'><span class='icon_wrapper'><\/span><\/div><\/a><\/div><\/div><div id='cws_divider_69e34cd5b3310' class='cws_divider_wrapper style_gradient'><div class='cws_divider'><\/div><\/div><\/div><\/div><\/div><\/div><\/div><\/div><div id=\"cws_content_69e34cd5b33e0\" class=\"cws_content_69e34cd5b33e0 cws-content background_no_hover\" ><div class=\"vc_row wpb_row vc_row-fluid vc_custom_1613844822078\"><div class=\"row_hover_effect\"><\/div><div id='cws_column_69e34cd5b3655' class='cws_column_wrapper vc_col-sm-12'><div class=\"wpb_column vc_column_container vc_col-sm-12\"><div class=\"vc_column-inner\"><div class=\"wpb_wrapper\"><div class='cws_textmodule_69e34cd5b3842 cws_textmodule'><div class='cws_textmodule_content'><h4 style=\"text-align: center;\">Fadenbindung mit Klappen<\/h4>\n\n<\/div><\/div><div class=\"vc_empty_space\"   style=\"height: 32px\"><span class=\"vc_empty_space_inner\"><\/span><\/div><div class='cws_gallery_69e34cd5b3c2d cws_gallery_wrapper'><div class='cws_gallery_images columns_2 masonry magnific'><a href=\"https:\/\/www.zrinski.hr\/wp-content\/uploads\/2021\/04\/DSC_6393-scaled.jpg\" class='cws_gallery_image'><img src='https:\/\/www.zrinski.hr\/wp-content\/uploads\/2021\/04\/DSC_6393-scaled.jpg' alt='' \/><div class='cws_gallery_overlay'><span class='icon_wrapper'><\/span><\/div><\/a><a href=\"https:\/\/www.zrinski.hr\/wp-content\/uploads\/2021\/04\/DSC_6394-scaled.jpg\" class='cws_gallery_image'><img src='https:\/\/www.zrinski.hr\/wp-content\/uploads\/2021\/04\/DSC_6394-scaled.jpg' alt='' \/><div class='cws_gallery_overlay'><span class='icon_wrapper'><\/span><\/div><\/a><\/div><\/div><div id='cws_divider_69e34cd5b4563' class='cws_divider_wrapper style_gradient'><div class='cws_divider'><\/div><\/div><\/div><\/div><\/div><\/div><\/div><\/div><div id=\"cws_content_69e34cd5b4610\" class=\"cws_content_69e34cd5b4610 cws-content background_no_hover\" ><div class=\"vc_row wpb_row vc_row-fluid vc_custom_1613844822078\"><div class=\"row_hover_effect\"><\/div><div id='cws_column_69e34cd5b484b' class='cws_column_wrapper vc_col-sm-12'><div class=\"wpb_column vc_column_container vc_col-sm-12\"><div class=\"vc_column-inner\"><div class=\"wpb_wrapper\"><div class='cws_textmodule_69e34cd5b4a25 cws_textmodule'><div class='cws_textmodule_content'><h4 style=\"text-align: center;\">OTA-Bindung<\/h4>\n<p style=\"text-align: center;\">Bei Otabind wird der Umschlag nur seitlich an den Buchblock geklebt. Der Umschlag-R\u00fccken ist 6fach gerillt. Der Buchblock ist zwischen dem Ril lam Umschlag geklebt. Der R\u00fccken des Umschlags ist nicht mit dem Buchblock verklebt.<\/p>\n\n<\/div><\/div><div class=\"vc_empty_space\"   style=\"height: 32px\"><span class=\"vc_empty_space_inner\"><\/span><\/div><div class='cws_gallery_69e34cd5b4e09 cws_gallery_wrapper'><div class='cws_gallery_images columns_2 masonry magnific'><a href=\"https:\/\/www.zrinski.hr\/wp-content\/uploads\/2023\/02\/OTABIND1-scaled.jpg\" class='cws_gallery_image'><img src='https:\/\/www.zrinski.hr\/wp-content\/uploads\/2023\/02\/OTABIND1-scaled.jpg' alt='' \/><div class='cws_gallery_overlay'><span class='icon_wrapper'><\/span><\/div><\/a><a href=\"https:\/\/www.zrinski.hr\/wp-content\/uploads\/2023\/02\/OTABIND2-scaled.jpg\" class='cws_gallery_image'><img src='https:\/\/www.zrinski.hr\/wp-content\/uploads\/2023\/02\/OTABIND2-scaled.jpg' alt='' \/><div class='cws_gallery_overlay'><span class='icon_wrapper'><\/span><\/div><\/a><\/div><\/div><div id='cws_divider_69e34cd5b5728' class='cws_divider_wrapper style_gradient'><div class='cws_divider'><\/div><\/div><\/div><\/div><\/div><\/div><\/div><\/div><div id=\"cws_content_69e34cd5b57e8\" class=\"cws_content_69e34cd5b57e8 cws-content background_no_hover\" ><div class=\"vc_row wpb_row vc_row-fluid vc_custom_1613844822078\"><div class=\"row_hover_effect\"><\/div><div id='cws_column_69e34cd5b5a08' class='cws_column_wrapper vc_col-sm-12'><div class=\"wpb_column vc_column_container vc_col-sm-12\"><div class=\"vc_column-inner\"><div class=\"wpb_wrapper\"><div class='cws_textmodule_69e34cd5b5c32 cws_textmodule'><div class='cws_textmodule_content'><h4 style=\"text-align: center;\">Schweizer Broschur-Bindung<\/h4>\n<p style=\"text-align: center;\">Bei der Schweizer Broschur ist der Buchblock am R\u00fccken mit einem Gewebestreifen eingefasst. Der a\u00fc\u00dfere, 3fach gerillte Kartonumschlag, klebt nicht am R\u00fccken des Buchblockes, sondern mit einem schmalen Streifen an der Letzten Seite.<\/p>\n\n<\/div><\/div><div class=\"vc_empty_space\"   style=\"height: 32px\"><span class=\"vc_empty_space_inner\"><\/span><\/div><div class='cws_gallery_69e34cd5b605a cws_gallery_wrapper'><div class='cws_gallery_images columns_2 masonry magnific'><a href=\"https:\/\/www.zrinski.hr\/wp-content\/uploads\/2023\/02\/SVICARSKA1-scaled.jpg\" class='cws_gallery_image'><img src='https:\/\/www.zrinski.hr\/wp-content\/uploads\/2023\/02\/SVICARSKA1-scaled.jpg' alt='' \/><div class='cws_gallery_overlay'><span class='icon_wrapper'><\/span><\/div><\/a><a href=\"https:\/\/www.zrinski.hr\/wp-content\/uploads\/2023\/02\/SVICARSKA2-scaled.jpg\" class='cws_gallery_image'><img src='https:\/\/www.zrinski.hr\/wp-content\/uploads\/2023\/02\/SVICARSKA2-scaled.jpg' alt='' \/><div class='cws_gallery_overlay'><span class='icon_wrapper'><\/span><\/div><\/a><\/div><\/div><div id='cws_divider_69e34cd5b69a9' class='cws_divider_wrapper style_gradient'><div class='cws_divider'><\/div><\/div><\/div><\/div><\/div><\/div><\/div><\/div>\n<\/section>","protected":false},"excerpt":{"rendered":"MEKI UVEZ - TISAK BRO\u0160URAMeki uvezi su mek\u0161i i savitljiviji, a korice su obi\u010dno iste veli\u010dine kao i knji\u017eni blok, pa su meki uvezi lak\u0161i za no\u0161enje i malo prakti\u010dniji. I kod knjiga s mekim uvezom nudimo \u0161irok izbor materijala za korice, zna\u010di da se knjiga mo\u017ee savr\u0161eno prilagoditi Va\u0161em sadr\u017eaju i \u017eeljama. Meki uvezi [...]","protected":false},"author":1,"featured_media":0,"parent":0,"menu_order":0,"comment_status":"closed","ping_status":"closed","template":"","meta":{"footnotes":""},"class_list":["post-2125","page","type-page","status-publish","hentry"],"_links":{"self":[{"href":"https:\/\/www.zrinski.hr\/de\/wp-json\/wp\/v2\/pages\/2125","targetHints":{"allow":["GET"]}}],"collection":[{"href":"https:\/\/www.zrinski.hr\/de\/wp-json\/wp\/v2\/pages"}],"about":[{"href":"https:\/\/www.zrinski.hr\/de\/wp-json\/wp\/v2\/types\/page"}],"author":[{"embeddable":true,"href":"https:\/\/www.zrinski.hr\/de\/wp-json\/wp\/v2\/users\/1"}],"replies":[{"embeddable":true,"href":"https:\/\/www.zrinski.hr\/de\/wp-json\/wp\/v2\/comments?post=2125"}],"version-history":[{"count":48,"href":"https:\/\/www.zrinski.hr\/de\/wp-json\/wp\/v2\/pages\/2125\/revisions"}],"predecessor-version":[{"id":3044,"href":"https:\/\/www.zrinski.hr\/de\/wp-json\/wp\/v2\/pages\/2125\/revisions\/3044"}],"wp:attachment":[{"href":"https:\/\/www.zrinski.hr\/de\/wp-json\/wp\/v2\/media?parent=2125"}],"curies":[{"name":"wp","href":"https:\/\/api.w.org\/{rel}","templated":true}]}}