{"id":2080,"date":"2021-02-20T17:58:06","date_gmt":"2021-02-20T17:58:06","guid":{"rendered":"https:\/\/www.zrinski.hr\/?page_id=2080"},"modified":"2022-12-14T19:26:16","modified_gmt":"2022-12-14T18:26:16","slug":"tisk-knjig-trda-vezava","status":"publish","type":"page","link":"https:\/\/www.zrinski.hr\/de\/tisk-knjig-trda-vezava\/","title":{"rendered":"1 &#8211; Tisk knjig &#8211; trda vezava"},"content":{"rendered":"<section class=\"wpb-content-wrapper\"><div id=\"cws_content_69e111f5135e7\" class=\"cws_content_69e111f5135e7 cws-content background_no_hover\" ><div data-vc-full-width=\"true\" data-vc-full-width-init=\"false\" class=\"vc_row wpb_row vc_row-fluid vc_custom_1670940285816 vc_row-has-fill\"><div class=\"row_hover_effect\"><\/div><div id='cws_column_69e111f513d70' class='cws_column_wrapper vc_col-sm-12'><div class=\"wpb_column vc_column_container vc_col-sm-12\"><div class=\"vc_column-inner\"><div class=\"wpb_wrapper\"><div class='cws_textmodule_69e111f5143bc cws_textmodule'><h3 class='cws_textmodule_title'><span class='cws_textmodule_title_text title_color_gradient'>FESTER EINBAND<\/span><\/h3><\/div><\/div><\/div><\/div><\/div><\/div><div class=\"vc_row-full-width vc_clearfix\"><\/div><\/div><div id=\"cws_content_69e111f514747\" class=\"cws_content_69e111f514747 cws-content background_no_hover\" ><div class=\"vc_row wpb_row vc_row-fluid vc_custom_1613844822078\"><div class=\"row_hover_effect\"><\/div><div id='cws_column_69e111f514b64' class='cws_column_wrapper vc_col-sm-12'><div class=\"wpb_column vc_column_container vc_col-sm-12\"><div class=\"vc_column-inner\"><div class=\"wpb_wrapper\"><div class=\"vc_empty_space\"   style=\"height: 10px\"><span class=\"vc_empty_space_inner\"><\/span><\/div><div class='cws_textmodule_69e111f51516c cws_textmodule'><div class='cws_textmodule_content'><p style=\"text-align: center;\">Der Buchdruck nimmt in unserer Druckerei einen besonderen Stellenwert ein, schlie\u00dflich sind B\u00fccher das Ergebnis des zivilisatorischen Fortschritts. In jedem Buch verbirgt sich ein wahrer kleiner Wissensschatz mit dem f\u00fcrsorglichen Stempel des Autors. Viele bef\u00fcrchteten, dass das gedruckte Buch durch eine elektronische Version ersetzt w\u00fcrde. Wir bei Evrografis glauben, dass das gedruckte Buch die Menschheit so sehr gepr\u00e4gt hat, dass wir es nicht so einfach durch eine elektronische Version ersetzen werden.<\/p>\n<p style=\"text-align: center;\">Die B\u00fccher mit festem Einband gelten als die hochwertigsten und sind auch die best\u00e4ndigsten. Der feste Einband besteht aus Pappe, deswegen ist er unbiegsam und ein wenig schwerer. Der  Einband kann mit verschiedenen Materialien beschichtet werden. Die Auswahl von Beschichtungsmaterialien ist heutzutage sehr weit; verwenden kann man bedrucktes und Kunststoffbeschichtetes Papier, Leinen, verschiedene k\u00fcnstliche Ersatzstoffe f\u00fcr die M\u00fcndung. Die B\u00fccher mit festem Einband sind meistens teurer als die anderen Typen, doch hinterlassen beim Leser einen bleibenden Eindruck.<\/p>\n\n<\/div><\/div><div class=\"vc_empty_space\"   style=\"height: 32px\"><span class=\"vc_empty_space_inner\"><\/span><\/div><div class='cws_textmodule_69e111f5156f9 cws_textmodule'><div class='cws_textmodule_content'><h4 style=\"text-align: center;\">Gerader R\u00fccken<\/h4>\n\n<\/div><\/div><div class=\"vc_empty_space\"   style=\"height: 32px\"><span class=\"vc_empty_space_inner\"><\/span><\/div><div class='cws_gallery_69e111f515c5d cws_gallery_wrapper'><div class='cws_gallery_images columns_3 masonry magnific'><a href=\"https:\/\/www.zrinski.hr\/wp-content\/uploads\/2021\/04\/DSC_6029-scaled.jpg\" class='cws_gallery_image'><img src='https:\/\/www.zrinski.hr\/wp-content\/uploads\/2021\/04\/DSC_6029-scaled.jpg' alt='' \/><div class='cws_gallery_overlay'><span class='icon_wrapper'><\/span><\/div><\/a><a href=\"https:\/\/www.zrinski.hr\/wp-content\/uploads\/2021\/04\/DSC_6056-scaled.jpg\" class='cws_gallery_image'><img src='https:\/\/www.zrinski.hr\/wp-content\/uploads\/2021\/04\/DSC_6056-scaled.jpg' alt='' \/><div class='cws_gallery_overlay'><span class='icon_wrapper'><\/span><\/div><\/a><a href=\"https:\/\/www.zrinski.hr\/wp-content\/uploads\/2021\/04\/DSC_6060-scaled.jpg\" class='cws_gallery_image'><img src='https:\/\/www.zrinski.hr\/wp-content\/uploads\/2021\/04\/DSC_6060-scaled.jpg' alt='' \/><div class='cws_gallery_overlay'><span class='icon_wrapper'><\/span><\/div><\/a><\/div><\/div><div id='cws_divider_69e111f516e3c' class='cws_divider_wrapper style_gradient'><div class='cws_divider'><\/div><\/div><\/div><\/div><\/div><\/div><\/div><\/div><div id=\"cws_content_69e111f516fec\" class=\"cws_content_69e111f516fec cws-content background_no_hover\" ><div class=\"vc_row wpb_row vc_row-fluid vc_custom_1613844822078\"><div class=\"row_hover_effect\"><\/div><div id='cws_column_69e111f517429' class='cws_column_wrapper vc_col-sm-12'><div class=\"wpb_column vc_column_container vc_col-sm-12\"><div class=\"vc_column-inner\"><div class=\"wpb_wrapper\"><div class='cws_textmodule_69e111f5177ef cws_textmodule'><div class='cws_textmodule_content'><h4 style=\"text-align: center;\">Runder R\u00fccken<\/h4>\n\n<\/div><\/div><div class=\"vc_empty_space\"   style=\"height: 32px\"><span class=\"vc_empty_space_inner\"><\/span><\/div><div class='cws_gallery_69e111f517e82 cws_gallery_wrapper'><div class='cws_gallery_images columns_3 masonry magnific'><a href=\"https:\/\/www.zrinski.hr\/wp-content\/uploads\/2021\/04\/DSC_6045-scaled.jpg\" class='cws_gallery_image'><img src='https:\/\/www.zrinski.hr\/wp-content\/uploads\/2021\/04\/DSC_6045-scaled.jpg' alt='' \/><div class='cws_gallery_overlay'><span class='icon_wrapper'><\/span><\/div><\/a><a href=\"https:\/\/www.zrinski.hr\/wp-content\/uploads\/2021\/04\/DSC_6061-scaled.jpg\" class='cws_gallery_image'><img src='https:\/\/www.zrinski.hr\/wp-content\/uploads\/2021\/04\/DSC_6061-scaled.jpg' alt='' \/><div class='cws_gallery_overlay'><span class='icon_wrapper'><\/span><\/div><\/a><a href=\"https:\/\/www.zrinski.hr\/wp-content\/uploads\/2021\/04\/DSC_6124-scaled.jpg\" class='cws_gallery_image'><img src='https:\/\/www.zrinski.hr\/wp-content\/uploads\/2021\/04\/DSC_6124-scaled.jpg' alt='' \/><div class='cws_gallery_overlay'><span class='icon_wrapper'><\/span><\/div><\/a><\/div><\/div><div id='cws_divider_69e111f5190b2' class='cws_divider_wrapper style_gradient'><div class='cws_divider'><\/div><\/div><\/div><\/div><\/div><\/div><\/div><\/div><div id=\"cws_content_69e111f519227\" class=\"cws_content_69e111f519227 cws-content background_no_hover\" ><div class=\"vc_row wpb_row vc_row-fluid vc_custom_1613844822078\"><div class=\"row_hover_effect\"><\/div><div id='cws_column_69e111f51966b' class='cws_column_wrapper vc_col-sm-12'><div class=\"wpb_column vc_column_container vc_col-sm-12\"><div class=\"vc_column-inner\"><div class=\"wpb_wrapper\"><div class='cws_textmodule_69e111f519a11 cws_textmodule'><div class='cws_textmodule_content'><h4 style=\"text-align: center;\">Kapitalband<\/h4>\n\n<\/div><\/div><div class=\"vc_empty_space\"   style=\"height: 32px\"><span class=\"vc_empty_space_inner\"><\/span><\/div><div class='cws_gallery_69e111f51a093 cws_gallery_wrapper'><div class='cws_gallery_images columns_3 masonry magnific'><a href=\"https:\/\/www.zrinski.hr\/wp-content\/uploads\/2021\/02\/Trda-vezava_0004_Layer-15.jpg\" class='cws_gallery_image'><img src='https:\/\/www.zrinski.hr\/wp-content\/uploads\/2021\/02\/Trda-vezava_0004_Layer-15.jpg' alt='' \/><div class='cws_gallery_overlay'><span class='icon_wrapper'><\/span><\/div><\/a><a href=\"https:\/\/www.zrinski.hr\/wp-content\/uploads\/2022\/12\/Kapitalna-traka-2.jpg\" class='cws_gallery_image'><img src='https:\/\/www.zrinski.hr\/wp-content\/uploads\/2022\/12\/Kapitalna-traka-2.jpg' alt='' \/><div class='cws_gallery_overlay'><span class='icon_wrapper'><\/span><\/div><\/a><a href=\"https:\/\/www.zrinski.hr\/wp-content\/uploads\/2022\/12\/Kapitalna-traka-3.jpg\" class='cws_gallery_image'><img src='https:\/\/www.zrinski.hr\/wp-content\/uploads\/2022\/12\/Kapitalna-traka-3.jpg' alt='' \/><div class='cws_gallery_overlay'><span class='icon_wrapper'><\/span><\/div><\/a><\/div><\/div><div id='cws_divider_69e111f51b19f' class='cws_divider_wrapper style_gradient'><div class='cws_divider'><\/div><\/div><\/div><\/div><\/div><\/div><\/div><\/div><div id=\"cws_content_69e111f51b325\" class=\"cws_content_69e111f51b325 cws-content background_no_hover\" ><div class=\"vc_row wpb_row vc_row-fluid vc_custom_1613844822078\"><div class=\"row_hover_effect\"><\/div><div id='cws_column_69e111f51b744' class='cws_column_wrapper vc_col-sm-12'><div class=\"wpb_column vc_column_container vc_col-sm-12\"><div class=\"vc_column-inner\"><div class=\"wpb_wrapper\"><div class='cws_textmodule_69e111f51bade cws_textmodule'><div class='cws_textmodule_content'><h4 style=\"text-align: center;\">Leseband<\/h4>\n\n<\/div><\/div><div class=\"vc_empty_space\"   style=\"height: 32px\"><span class=\"vc_empty_space_inner\"><\/span><\/div><div class='cws_gallery_69e111f51c109 cws_gallery_wrapper'><div class='cws_gallery_images columns_3 masonry magnific'><a href=\"https:\/\/www.zrinski.hr\/wp-content\/uploads\/2021\/02\/Trda-vezava_0003_Layer-16.jpg\" class='cws_gallery_image'><img src='https:\/\/www.zrinski.hr\/wp-content\/uploads\/2021\/02\/Trda-vezava_0003_Layer-16.jpg' alt='' \/><div class='cws_gallery_overlay'><span class='icon_wrapper'><\/span><\/div><\/a><a href=\"https:\/\/www.zrinski.hr\/wp-content\/uploads\/2021\/02\/Trda-vezava_0005_Layer-14.jpg\" class='cws_gallery_image'><img src='https:\/\/www.zrinski.hr\/wp-content\/uploads\/2021\/02\/Trda-vezava_0005_Layer-14.jpg' alt='' \/><div class='cws_gallery_overlay'><span class='icon_wrapper'><\/span><\/div><\/a><a href=\"https:\/\/www.zrinski.hr\/wp-content\/uploads\/2022\/12\/Pokazna-traka-3.jpg\" class='cws_gallery_image'><img src='https:\/\/www.zrinski.hr\/wp-content\/uploads\/2022\/12\/Pokazna-traka-3.jpg' alt='' \/><div class='cws_gallery_overlay'><span class='icon_wrapper'><\/span><\/div><\/a><\/div><\/div><div id='cws_divider_69e111f51d214' class='cws_divider_wrapper style_gradient'><div class='cws_divider'><\/div><\/div><\/div><\/div><\/div><\/div><\/div><\/div>\n<\/section>","protected":false},"excerpt":{"rendered":"TVRDI UVEZ - TISAK KNJIGATisak knjiga ima posebno mjesto u na\u0161oj tiskari, uostalom knjige su rezultat civilizacijskog napretka. Svaka knjiga krije pravu malu riznicu znanja s bri\u017enim pe\u010datom autora. Mnogi su se bojali da \u0107e tiskanu knjigu zamijeniti elektroni\u010dka verzija. U Evrografisu vjerujemo da je tiskana knjiga do te mjere obilje\u017eila \u010dovje\u010danstvo da je ne\u0107emo [...]","protected":false},"author":1,"featured_media":0,"parent":0,"menu_order":0,"comment_status":"closed","ping_status":"closed","template":"","meta":{"footnotes":""},"class_list":["post-2080","page","type-page","status-publish","hentry"],"_links":{"self":[{"href":"https:\/\/www.zrinski.hr\/de\/wp-json\/wp\/v2\/pages\/2080","targetHints":{"allow":["GET"]}}],"collection":[{"href":"https:\/\/www.zrinski.hr\/de\/wp-json\/wp\/v2\/pages"}],"about":[{"href":"https:\/\/www.zrinski.hr\/de\/wp-json\/wp\/v2\/types\/page"}],"author":[{"embeddable":true,"href":"https:\/\/www.zrinski.hr\/de\/wp-json\/wp\/v2\/users\/1"}],"replies":[{"embeddable":true,"href":"https:\/\/www.zrinski.hr\/de\/wp-json\/wp\/v2\/comments?post=2080"}],"version-history":[{"count":41,"href":"https:\/\/www.zrinski.hr\/de\/wp-json\/wp\/v2\/pages\/2080\/revisions"}],"predecessor-version":[{"id":2847,"href":"https:\/\/www.zrinski.hr\/de\/wp-json\/wp\/v2\/pages\/2080\/revisions\/2847"}],"wp:attachment":[{"href":"https:\/\/www.zrinski.hr\/de\/wp-json\/wp\/v2\/media?parent=2080"}],"curies":[{"name":"wp","href":"https:\/\/api.w.org\/{rel}","templated":true}]}}